{"id":35860,"date":"2024-02-22T15:17:45","date_gmt":"2024-02-22T15:17:45","guid":{"rendered":"https:\/\/tattini.dotstage.net\/prodotto\/selle-brad-ren-s-close-contact\/"},"modified":"2024-02-22T15:17:45","modified_gmt":"2024-02-22T15:17:45","slug":"selle-brad-ren-s-close-contact","status":"publish","type":"product","link":"https:\/\/tattini.dotstage.net\/fr\/produit\/selle-brad-ren-s-close-contact\/","title":{"rendered":"Selle Brad Ren\u2019 s close contact"},"content":{"rendered":"","protected":false},"excerpt":{"rendered":"<p>NR 2311. Jupe close contact avec si\u00e8ge chamois\u00e9 matelass\u00e9. Le nylon se r\u00e9tablit.<\/p>\n","protected":false},"featured_media":34985,"template":"","meta":[],"product_cat":[903,918],"product_tag":[],"_links":{"self":[{"href":"https:\/\/tattini.dotstage.net\/fr\/wp-json\/wp\/v2\/product\/35860"}],"collection":[{"href":"https:\/\/tattini.dotstage.net\/fr\/wp-json\/wp\/v2\/product"}],"about":[{"href":"https:\/\/tattini.dotstage.net\/fr\/wp-json\/wp\/v2\/types\/product"}],"version-history":[{"count":0,"href":"https:\/\/tattini.dotstage.net\/fr\/wp-json\/wp\/v2\/product\/35860\/revisions"}],"wp:featuredmedia":[{"embeddable":true,"href":"https:\/\/tattini.dotstage.net\/fr\/wp-json\/wp\/v2\/media\/34985"}],"wp:attachment":[{"href":"https:\/\/tattini.dotstage.net\/fr\/wp-json\/wp\/v2\/media?parent=35860"}],"wp:term":[{"taxonomy":"product_cat","embeddable":true,"href":"https:\/\/tattini.dotstage.net\/fr\/wp-json\/wp\/v2\/product_cat?post=35860"},{"taxonomy":"product_tag","embeddable":true,"href":"https:\/\/tattini.dotstage.net\/fr\/wp-json\/wp\/v2\/product_tag?post=35860"}],"curies":[{"name":"wp","href":"https:\/\/api.w.org\/{rel}","templated":true}]}}