{"id":35849,"date":"2024-02-22T15:17:51","date_gmt":"2024-02-22T15:17:51","guid":{"rendered":"https:\/\/tattini.dotstage.net\/prodotto\/selle-natowa-n-2216\/"},"modified":"2024-02-22T15:17:51","modified_gmt":"2024-02-22T15:17:51","slug":"selle-natowa-n-2216","status":"publish","type":"product","link":"https:\/\/tattini.dotstage.net\/fr\/produit\/selle-natowa-n-2216\/","title":{"rendered":"Selle Natowa n. 2216"},"content":{"rendered":"","protected":false},"excerpt":{"rendered":"<p>N. 2216. En cuir lisse, d\u00e9coration border stamp, lacets en cuir, si\u00e8ge chamois\u00e9. Couleur: golden brown (05) Taille: 16\u201d<\/p>\n","protected":false},"featured_media":35020,"template":"","meta":[],"product_cat":[903,918],"product_tag":[],"_links":{"self":[{"href":"https:\/\/tattini.dotstage.net\/fr\/wp-json\/wp\/v2\/product\/35849"}],"collection":[{"href":"https:\/\/tattini.dotstage.net\/fr\/wp-json\/wp\/v2\/product"}],"about":[{"href":"https:\/\/tattini.dotstage.net\/fr\/wp-json\/wp\/v2\/types\/product"}],"version-history":[{"count":0,"href":"https:\/\/tattini.dotstage.net\/fr\/wp-json\/wp\/v2\/product\/35849\/revisions"}],"wp:featuredmedia":[{"embeddable":true,"href":"https:\/\/tattini.dotstage.net\/fr\/wp-json\/wp\/v2\/media\/35020"}],"wp:attachment":[{"href":"https:\/\/tattini.dotstage.net\/fr\/wp-json\/wp\/v2\/media?parent=35849"}],"wp:term":[{"taxonomy":"product_cat","embeddable":true,"href":"https:\/\/tattini.dotstage.net\/fr\/wp-json\/wp\/v2\/product_cat?post=35849"},{"taxonomy":"product_tag","embeddable":true,"href":"https:\/\/tattini.dotstage.net\/fr\/wp-json\/wp\/v2\/product_tag?post=35849"}],"curies":[{"name":"wp","href":"https:\/\/api.w.org\/{rel}","templated":true}]}}