{"id":35845,"date":"2024-02-22T15:17:52","date_gmt":"2024-02-22T15:17:52","guid":{"rendered":"https:\/\/tattini.dotstage.net\/prodotto\/selle-natowa-n-2217\/"},"modified":"2024-02-22T15:17:52","modified_gmt":"2024-02-22T15:17:52","slug":"selle-natowa-n-2217","status":"publish","type":"product","link":"https:\/\/tattini.dotstage.net\/fr\/produit\/selle-natowa-n-2217\/","title":{"rendered":"Selle Natowa n. 2217"},"content":{"rendered":"","protected":false},"excerpt":{"rendered":"<p>n. 2217 D\u00e9coration basket et gravures florales, si\u00e8ge rembourr\u00e9 recouvert en cuir. Couleur: golden brown (05) Taille: 16\u201d<\/p>\n","protected":false},"featured_media":35025,"template":"","meta":[],"product_cat":[903,918],"product_tag":[],"_links":{"self":[{"href":"https:\/\/tattini.dotstage.net\/fr\/wp-json\/wp\/v2\/product\/35845"}],"collection":[{"href":"https:\/\/tattini.dotstage.net\/fr\/wp-json\/wp\/v2\/product"}],"about":[{"href":"https:\/\/tattini.dotstage.net\/fr\/wp-json\/wp\/v2\/types\/product"}],"version-history":[{"count":0,"href":"https:\/\/tattini.dotstage.net\/fr\/wp-json\/wp\/v2\/product\/35845\/revisions"}],"wp:featuredmedia":[{"embeddable":true,"href":"https:\/\/tattini.dotstage.net\/fr\/wp-json\/wp\/v2\/media\/35025"}],"wp:attachment":[{"href":"https:\/\/tattini.dotstage.net\/fr\/wp-json\/wp\/v2\/media?parent=35845"}],"wp:term":[{"taxonomy":"product_cat","embeddable":true,"href":"https:\/\/tattini.dotstage.net\/fr\/wp-json\/wp\/v2\/product_cat?post=35845"},{"taxonomy":"product_tag","embeddable":true,"href":"https:\/\/tattini.dotstage.net\/fr\/wp-json\/wp\/v2\/product_tag?post=35845"}],"curies":[{"name":"wp","href":"https:\/\/api.w.org\/{rel}","templated":true}]}}