{"id":35842,"date":"2024-02-22T15:17:53","date_gmt":"2024-02-22T15:17:53","guid":{"rendered":"https:\/\/tattini.dotstage.net\/prodotto\/selle-natowa-n-2218\/"},"modified":"2024-02-22T15:17:53","modified_gmt":"2024-02-22T15:17:53","slug":"selle-natowa-n-2218","status":"publish","type":"product","link":"https:\/\/tattini.dotstage.net\/fr\/produit\/selle-natowa-n-2218\/","title":{"rendered":"Selle Natowa n. 2218"},"content":{"rendered":"","protected":false},"excerpt":{"rendered":"<p>N. 2218. Mod\u00e8le de barrel, en cuir retourn\u00e9, finitions en rawhide, si\u00e8ge chamois\u00e9. Couleur: golden brown (05) Taille: 15\u201d &#8211; 16\u201d<\/p>\n","protected":false},"featured_media":35030,"template":"","meta":[],"product_cat":[903,918],"product_tag":[],"_links":{"self":[{"href":"https:\/\/tattini.dotstage.net\/fr\/wp-json\/wp\/v2\/product\/35842"}],"collection":[{"href":"https:\/\/tattini.dotstage.net\/fr\/wp-json\/wp\/v2\/product"}],"about":[{"href":"https:\/\/tattini.dotstage.net\/fr\/wp-json\/wp\/v2\/types\/product"}],"version-history":[{"count":0,"href":"https:\/\/tattini.dotstage.net\/fr\/wp-json\/wp\/v2\/product\/35842\/revisions"}],"wp:featuredmedia":[{"embeddable":true,"href":"https:\/\/tattini.dotstage.net\/fr\/wp-json\/wp\/v2\/media\/35030"}],"wp:attachment":[{"href":"https:\/\/tattini.dotstage.net\/fr\/wp-json\/wp\/v2\/media?parent=35842"}],"wp:term":[{"taxonomy":"product_cat","embeddable":true,"href":"https:\/\/tattini.dotstage.net\/fr\/wp-json\/wp\/v2\/product_cat?post=35842"},{"taxonomy":"product_tag","embeddable":true,"href":"https:\/\/tattini.dotstage.net\/fr\/wp-json\/wp\/v2\/product_tag?post=35842"}],"curies":[{"name":"wp","href":"https:\/\/api.w.org\/{rel}","templated":true}]}}