{"id":35837,"date":"2024-02-22T15:17:55","date_gmt":"2024-02-22T15:17:55","guid":{"rendered":"https:\/\/tattini.dotstage.net\/prodotto\/selle-natowa-nr-2219\/"},"modified":"2024-02-22T15:17:55","modified_gmt":"2024-02-22T15:17:55","slug":"selle-natowa-nr-2219","status":"publish","type":"product","link":"https:\/\/tattini.dotstage.net\/fr\/produit\/selle-natowa-nr-2219\/","title":{"rendered":"Selle Natowa nr. 2219"},"content":{"rendered":"","protected":false},"excerpt":{"rendered":"<p>N. 2219. Selle Reiner, si\u00e8ge rembourr\u00e9 recouvert en cuir lisse. D\u00e9coration border stamp. Couleur: golden brown (05) Taille: 15\u201d &#8211; 16\u201d<\/p>\n","protected":false},"featured_media":35040,"template":"","meta":[],"product_cat":[903,918],"product_tag":[],"_links":{"self":[{"href":"https:\/\/tattini.dotstage.net\/fr\/wp-json\/wp\/v2\/product\/35837"}],"collection":[{"href":"https:\/\/tattini.dotstage.net\/fr\/wp-json\/wp\/v2\/product"}],"about":[{"href":"https:\/\/tattini.dotstage.net\/fr\/wp-json\/wp\/v2\/types\/product"}],"version-history":[{"count":0,"href":"https:\/\/tattini.dotstage.net\/fr\/wp-json\/wp\/v2\/product\/35837\/revisions"}],"wp:featuredmedia":[{"embeddable":true,"href":"https:\/\/tattini.dotstage.net\/fr\/wp-json\/wp\/v2\/media\/35040"}],"wp:attachment":[{"href":"https:\/\/tattini.dotstage.net\/fr\/wp-json\/wp\/v2\/media?parent=35837"}],"wp:term":[{"taxonomy":"product_cat","embeddable":true,"href":"https:\/\/tattini.dotstage.net\/fr\/wp-json\/wp\/v2\/product_cat?post=35837"},{"taxonomy":"product_tag","embeddable":true,"href":"https:\/\/tattini.dotstage.net\/fr\/wp-json\/wp\/v2\/product_tag?post=35837"}],"curies":[{"name":"wp","href":"https:\/\/api.w.org\/{rel}","templated":true}]}}