{"id":35829,"date":"2024-02-22T15:17:57","date_gmt":"2024-02-22T15:17:57","guid":{"rendered":"https:\/\/tattini.dotstage.net\/prodotto\/selle-tattini-de-tourisme-equestre-brighton\/"},"modified":"2024-02-22T15:17:57","modified_gmt":"2024-02-22T15:17:57","slug":"selle-tattini-de-tourisme-equestre-brighton","status":"publish","type":"product","link":"https:\/\/tattini.dotstage.net\/fr\/produit\/selle-tattini-de-tourisme-equestre-brighton\/","title":{"rendered":"Selle Tattini de tourisme equestre Brighton"},"content":{"rendered":"","protected":false},"excerpt":{"rendered":"<p>Fabriqu\u00e9 en cuir souple et graiss\u00e9, il est dot\u00e9 d&rsquo;un si\u00e8ge flottant tr\u00e8s rembourr\u00e9 et extr\u00eamement confortable, id\u00e9al pour le trekking. Les supports avant maintiennent le conducteur en position et en s\u00e9curit\u00e9, m\u00eame sur un sol irr\u00e9gulier. Les longs percuteurs pour une circonf\u00e9rence courte laissent les quartiers libres pour une plus grande sensibilit\u00e9. Les grands coussins r\u00e9partissent uniform\u00e9ment le poids du cavalier sur le dos du cheval. \u00c9quip\u00e9 de crochets en D pour les sacs et les sacoches, d&rsquo;une fixation arri\u00e8re pour le porte-bagages et d&rsquo;un porte-bagages de s\u00e9curit\u00e9. <\/p>\n","protected":false},"featured_media":35055,"template":"","meta":[],"product_cat":[876,891],"product_tag":[],"_links":{"self":[{"href":"https:\/\/tattini.dotstage.net\/fr\/wp-json\/wp\/v2\/product\/35829"}],"collection":[{"href":"https:\/\/tattini.dotstage.net\/fr\/wp-json\/wp\/v2\/product"}],"about":[{"href":"https:\/\/tattini.dotstage.net\/fr\/wp-json\/wp\/v2\/types\/product"}],"version-history":[{"count":0,"href":"https:\/\/tattini.dotstage.net\/fr\/wp-json\/wp\/v2\/product\/35829\/revisions"}],"wp:featuredmedia":[{"embeddable":true,"href":"https:\/\/tattini.dotstage.net\/fr\/wp-json\/wp\/v2\/media\/35055"}],"wp:attachment":[{"href":"https:\/\/tattini.dotstage.net\/fr\/wp-json\/wp\/v2\/media?parent=35829"}],"wp:term":[{"taxonomy":"product_cat","embeddable":true,"href":"https:\/\/tattini.dotstage.net\/fr\/wp-json\/wp\/v2\/product_cat?post=35829"},{"taxonomy":"product_tag","embeddable":true,"href":"https:\/\/tattini.dotstage.net\/fr\/wp-json\/wp\/v2\/product_tag?post=35829"}],"curies":[{"name":"wp","href":"https:\/\/api.w.org\/{rel}","templated":true}]}}