{"id":35813,"date":"2024-02-22T15:18:00","date_gmt":"2024-02-22T15:18:00","guid":{"rendered":"https:\/\/tattini.dotstage.net\/prodotto\/selle-de-dressage-daslo\/"},"modified":"2024-02-22T15:18:00","modified_gmt":"2024-02-22T15:18:00","slug":"selle-de-dressage-daslo","status":"publish","type":"product","link":"https:\/\/tattini.dotstage.net\/fr\/produit\/selle-de-dressage-daslo\/","title":{"rendered":"Selle de dressage Dasl\u00f6"},"content":{"rendered":"","protected":false},"excerpt":{"rendered":"<p>En cuir synth\u00e9tique, \u00e9quip\u00e9e d\u2019arcade d\u2019ar\u00e7on interchangeable permettant d\u2019adapter la selle au garrot de chaque cheval. Rev\u00eatement chamois\u00e9 antid\u00e9rapant sur si\u00e8ge et avanc\u00e9es de quartiers, ar\u00e7on synth\u00e9tique flexible, extr\u00eamement l\u00e9g\u00e8re et d\u2019entretien facile. Contre-sanglons en cuir de buffle, bananes repositionnables par velcros et coussins rembourr\u00e9s laine.<\/p>\n","protected":false},"featured_media":35075,"template":"","meta":[],"product_cat":[876,891],"product_tag":[],"_links":{"self":[{"href":"https:\/\/tattini.dotstage.net\/fr\/wp-json\/wp\/v2\/product\/35813"}],"collection":[{"href":"https:\/\/tattini.dotstage.net\/fr\/wp-json\/wp\/v2\/product"}],"about":[{"href":"https:\/\/tattini.dotstage.net\/fr\/wp-json\/wp\/v2\/types\/product"}],"version-history":[{"count":0,"href":"https:\/\/tattini.dotstage.net\/fr\/wp-json\/wp\/v2\/product\/35813\/revisions"}],"wp:featuredmedia":[{"embeddable":true,"href":"https:\/\/tattini.dotstage.net\/fr\/wp-json\/wp\/v2\/media\/35075"}],"wp:attachment":[{"href":"https:\/\/tattini.dotstage.net\/fr\/wp-json\/wp\/v2\/media?parent=35813"}],"wp:term":[{"taxonomy":"product_cat","embeddable":true,"href":"https:\/\/tattini.dotstage.net\/fr\/wp-json\/wp\/v2\/product_cat?post=35813"},{"taxonomy":"product_tag","embeddable":true,"href":"https:\/\/tattini.dotstage.net\/fr\/wp-json\/wp\/v2\/product_tag?post=35813"}],"curies":[{"name":"wp","href":"https:\/\/api.w.org\/{rel}","templated":true}]}}