{"id":35807,"date":"2024-02-22T15:18:01","date_gmt":"2024-02-22T15:18:01","guid":{"rendered":"https:\/\/tattini.dotstage.net\/prodotto\/selle-nouvelle-bristol\/"},"modified":"2024-02-22T15:18:01","modified_gmt":"2024-02-22T15:18:01","slug":"selle-nouvelle-bristol","status":"publish","type":"product","link":"https:\/\/tattini.dotstage.net\/fr\/produit\/selle-nouvelle-bristol\/","title":{"rendered":"Selle Nouvelle Bristol"},"content":{"rendered":"","protected":false},"excerpt":{"rendered":"<p>Selle traditionnelle Close Contact, polyvalente, pour le saut d&rsquo;obstacles, le concours complet ou le cross-country. Si\u00e8ge semi-profond extr\u00eamement confortable qui offre un contact maximal et le correct \u00e9quilibre. Les taquets avant et arri\u00e8re ajustables par velcro assurent la meilleure position et offrent une grande s\u00e9curit\u00e9 et contr\u00f4le au cavalier. Ar\u00e7on traditionnel en bois lamell\u00e9, renforc\u00e9 en acier, et couteaux d\u2019\u00e9trivi\u00e8res avec d\u00e9crochage de s\u00e9curit\u00e9. Cuir de veau souple pr\u00e9-huil\u00e9 et antid\u00e9rapant. Coussins moul\u00e9s en mousse souple. Pourvue de housse de selle.<\/p>\n","protected":false},"featured_media":35085,"template":"","meta":[],"product_cat":[876,891],"product_tag":[],"_links":{"self":[{"href":"https:\/\/tattini.dotstage.net\/fr\/wp-json\/wp\/v2\/product\/35807"}],"collection":[{"href":"https:\/\/tattini.dotstage.net\/fr\/wp-json\/wp\/v2\/product"}],"about":[{"href":"https:\/\/tattini.dotstage.net\/fr\/wp-json\/wp\/v2\/types\/product"}],"version-history":[{"count":0,"href":"https:\/\/tattini.dotstage.net\/fr\/wp-json\/wp\/v2\/product\/35807\/revisions"}],"wp:featuredmedia":[{"embeddable":true,"href":"https:\/\/tattini.dotstage.net\/fr\/wp-json\/wp\/v2\/media\/35085"}],"wp:attachment":[{"href":"https:\/\/tattini.dotstage.net\/fr\/wp-json\/wp\/v2\/media?parent=35807"}],"wp:term":[{"taxonomy":"product_cat","embeddable":true,"href":"https:\/\/tattini.dotstage.net\/fr\/wp-json\/wp\/v2\/product_cat?post=35807"},{"taxonomy":"product_tag","embeddable":true,"href":"https:\/\/tattini.dotstage.net\/fr\/wp-json\/wp\/v2\/product_tag?post=35807"}],"curies":[{"name":"wp","href":"https:\/\/api.w.org\/{rel}","templated":true}]}}