{"id":35775,"date":"2024-02-22T15:18:02","date_gmt":"2024-02-22T15:18:02","guid":{"rendered":"https:\/\/tattini.dotstage.net\/prodotto\/blouson-bomber-garcon-fille\/"},"modified":"2024-02-22T15:18:02","modified_gmt":"2024-02-22T15:18:02","slug":"blouson-bomber-garcon-fille","status":"publish","type":"product","link":"https:\/\/tattini.dotstage.net\/fr\/produit\/blouson-bomber-garcon-fille\/","title":{"rendered":"Blouson bomber gar\u00e7on\/fille"},"content":{"rendered":"","protected":false},"excerpt":{"rendered":"<p>R\u00e9alise en nylon hydrofuge avec doublure contrast\u00e9e en chaude micro-polaire anti-pilling de haute qualit\u00e9. Taille, poignets et partie ant\u00e9rieure du col en jersey \u00e9lastique ton sur ton \u00e0 rayures contrast\u00e9es, tire-zips personnalis\u00e9s, pourvu de fermeture \u00e0 glissi\u00e8re interne post\u00e9rieure pour l\u2019application d\u2019une broderie. Insigne brod\u00e9 sur la manche gauche.<\/p>\n","protected":false},"featured_media":35091,"template":"","meta":[],"product_cat":[783,771],"product_tag":[],"_links":{"self":[{"href":"https:\/\/tattini.dotstage.net\/fr\/wp-json\/wp\/v2\/product\/35775"}],"collection":[{"href":"https:\/\/tattini.dotstage.net\/fr\/wp-json\/wp\/v2\/product"}],"about":[{"href":"https:\/\/tattini.dotstage.net\/fr\/wp-json\/wp\/v2\/types\/product"}],"version-history":[{"count":0,"href":"https:\/\/tattini.dotstage.net\/fr\/wp-json\/wp\/v2\/product\/35775\/revisions"}],"wp:featuredmedia":[{"embeddable":true,"href":"https:\/\/tattini.dotstage.net\/fr\/wp-json\/wp\/v2\/media\/35091"}],"wp:attachment":[{"href":"https:\/\/tattini.dotstage.net\/fr\/wp-json\/wp\/v2\/media?parent=35775"}],"wp:term":[{"taxonomy":"product_cat","embeddable":true,"href":"https:\/\/tattini.dotstage.net\/fr\/wp-json\/wp\/v2\/product_cat?post=35775"},{"taxonomy":"product_tag","embeddable":true,"href":"https:\/\/tattini.dotstage.net\/fr\/wp-json\/wp\/v2\/product_tag?post=35775"}],"curies":[{"name":"wp","href":"https:\/\/api.w.org\/{rel}","templated":true}]}}