{"id":35724,"date":"2024-02-22T15:18:09","date_gmt":"2024-02-22T15:18:09","guid":{"rendered":"https:\/\/tattini.dotstage.net\/prodotto\/culotte-tattini-fille-verbena-inserts-similcuir\/"},"modified":"2024-02-22T15:18:09","modified_gmt":"2024-02-22T15:18:09","slug":"culotte-tattini-fille-verbena-inserts-similcuir","status":"publish","type":"product","link":"https:\/\/tattini.dotstage.net\/fr\/produit\/culotte-tattini-fille-verbena-inserts-similcuir\/","title":{"rendered":"Culotte Tattini fille Verbena inserts similcuir"},"content":{"rendered":"","protected":false},"excerpt":{"rendered":"<p>Tissu technique nylon-spandex, empi\u00e8cements lat\u00e9raux en tissu lamin\u00e9 effet cuir \u00e9cologique, poches pour t\u00e9l\u00e9phone portable avec fermeture \u00e9clair, empi\u00e8cement en silicone au genou pour une adh\u00e9rence parfaite, empi\u00e8cement \u00e9lastique \u00e0 la cheville, coupe en forme de dos, ceinture haute avec deux boutons et d\u00e9coupe en queue d&rsquo;aronde dans le dos, passant de ceinture Tattini personnalis\u00e9.<\/p>\n","protected":false},"featured_media":35121,"template":"","meta":[],"product_cat":[828,846,771],"product_tag":[],"_links":{"self":[{"href":"https:\/\/tattini.dotstage.net\/fr\/wp-json\/wp\/v2\/product\/35724"}],"collection":[{"href":"https:\/\/tattini.dotstage.net\/fr\/wp-json\/wp\/v2\/product"}],"about":[{"href":"https:\/\/tattini.dotstage.net\/fr\/wp-json\/wp\/v2\/types\/product"}],"version-history":[{"count":0,"href":"https:\/\/tattini.dotstage.net\/fr\/wp-json\/wp\/v2\/product\/35724\/revisions"}],"wp:featuredmedia":[{"embeddable":true,"href":"https:\/\/tattini.dotstage.net\/fr\/wp-json\/wp\/v2\/media\/35121"}],"wp:attachment":[{"href":"https:\/\/tattini.dotstage.net\/fr\/wp-json\/wp\/v2\/media?parent=35724"}],"wp:term":[{"taxonomy":"product_cat","embeddable":true,"href":"https:\/\/tattini.dotstage.net\/fr\/wp-json\/wp\/v2\/product_cat?post=35724"},{"taxonomy":"product_tag","embeddable":true,"href":"https:\/\/tattini.dotstage.net\/fr\/wp-json\/wp\/v2\/product_tag?post=35724"}],"curies":[{"name":"wp","href":"https:\/\/api.w.org\/{rel}","templated":true}]}}