{"id":35670,"date":"2024-02-22T15:18:11","date_gmt":"2024-02-22T15:18:11","guid":{"rendered":"https:\/\/tattini.dotstage.net\/prodotto\/leggings-tattini-fille-4-saisons\/"},"modified":"2024-02-22T15:18:11","modified_gmt":"2024-02-22T15:18:11","slug":"leggings-tattini-fille-4-saisons","status":"publish","type":"product","link":"https:\/\/tattini.dotstage.net\/fr\/produit\/leggings-tattini-fille-4-saisons\/","title":{"rendered":"Leggings Tattini fille 4 saisons"},"content":{"rendered":"","protected":false},"excerpt":{"rendered":"<p>Tissu technique extensible tr\u00e8s confortable avec ceinture haute et empi\u00e8cement en maille \u00e0 la cheville. Poign\u00e9e antid\u00e9rapante en silicone. \u00c9quip\u00e9 de poches pour t\u00e9l\u00e9phone portable. <\/p>\n","protected":false},"featured_media":35131,"template":"","meta":[],"product_cat":[828,846,771],"product_tag":[],"_links":{"self":[{"href":"https:\/\/tattini.dotstage.net\/fr\/wp-json\/wp\/v2\/product\/35670"}],"collection":[{"href":"https:\/\/tattini.dotstage.net\/fr\/wp-json\/wp\/v2\/product"}],"about":[{"href":"https:\/\/tattini.dotstage.net\/fr\/wp-json\/wp\/v2\/types\/product"}],"version-history":[{"count":0,"href":"https:\/\/tattini.dotstage.net\/fr\/wp-json\/wp\/v2\/product\/35670\/revisions"}],"wp:featuredmedia":[{"embeddable":true,"href":"https:\/\/tattini.dotstage.net\/fr\/wp-json\/wp\/v2\/media\/35131"}],"wp:attachment":[{"href":"https:\/\/tattini.dotstage.net\/fr\/wp-json\/wp\/v2\/media?parent=35670"}],"wp:term":[{"taxonomy":"product_cat","embeddable":true,"href":"https:\/\/tattini.dotstage.net\/fr\/wp-json\/wp\/v2\/product_cat?post=35670"},{"taxonomy":"product_tag","embeddable":true,"href":"https:\/\/tattini.dotstage.net\/fr\/wp-json\/wp\/v2\/product_tag?post=35670"}],"curies":[{"name":"wp","href":"https:\/\/api.w.org\/{rel}","templated":true}]}}