{"id":35669,"date":"2024-02-22T15:18:12","date_gmt":"2024-02-22T15:18:12","guid":{"rendered":"https:\/\/tattini.dotstage.net\/prodotto\/pince-a-river\/"},"modified":"2024-02-22T15:18:12","modified_gmt":"2024-02-22T15:18:12","slug":"pince-a-river","status":"publish","type":"product","link":"https:\/\/tattini.dotstage.net\/fr\/produit\/pince-a-river\/","title":{"rendered":"Pince \u00e0 river"},"content":{"rendered":"","protected":false},"excerpt":{"rendered":"<p>Poign\u00e9es gain\u00e9es plastique.<\/p>\n","protected":false},"featured_media":35141,"template":"","meta":[],"product_cat":[816,810],"product_tag":[],"_links":{"self":[{"href":"https:\/\/tattini.dotstage.net\/fr\/wp-json\/wp\/v2\/product\/35669"}],"collection":[{"href":"https:\/\/tattini.dotstage.net\/fr\/wp-json\/wp\/v2\/product"}],"about":[{"href":"https:\/\/tattini.dotstage.net\/fr\/wp-json\/wp\/v2\/types\/product"}],"version-history":[{"count":0,"href":"https:\/\/tattini.dotstage.net\/fr\/wp-json\/wp\/v2\/product\/35669\/revisions"}],"wp:featuredmedia":[{"embeddable":true,"href":"https:\/\/tattini.dotstage.net\/fr\/wp-json\/wp\/v2\/media\/35141"}],"wp:attachment":[{"href":"https:\/\/tattini.dotstage.net\/fr\/wp-json\/wp\/v2\/media?parent=35669"}],"wp:term":[{"taxonomy":"product_cat","embeddable":true,"href":"https:\/\/tattini.dotstage.net\/fr\/wp-json\/wp\/v2\/product_cat?post=35669"},{"taxonomy":"product_tag","embeddable":true,"href":"https:\/\/tattini.dotstage.net\/fr\/wp-json\/wp\/v2\/product_tag?post=35669"}],"curies":[{"name":"wp","href":"https:\/\/api.w.org\/{rel}","templated":true}]}}