{"id":35648,"date":"2024-02-22T15:18:13","date_gmt":"2024-02-22T15:18:13","guid":{"rendered":"https:\/\/tattini.dotstage.net\/prodotto\/casque-tattini-pro-2-avec-doubloure-en-microfibre\/"},"modified":"2024-02-22T15:18:13","modified_gmt":"2024-02-22T15:18:13","slug":"casque-tattini-pro-2-avec-doubloure-en-microfibre","status":"publish","type":"product","link":"https:\/\/tattini.dotstage.net\/fr\/produit\/casque-tattini-pro-2-avec-doubloure-en-microfibre\/","title":{"rendered":"Casque Tattini pro 2 avec doubloure en microfibre"},"content":{"rendered":"","protected":false},"excerpt":{"rendered":"<p>Casque Tattini Pro 2 avec doublure en microfibre. Plaque centrale avec fentes pour la circulation de l&rsquo;air, prises d&rsquo;air arri\u00e8re, rembourrage de protection au niveau de la nuque avec mentonni\u00e8re et boucle \u00e0 fermeture rapide, doublure int\u00e9rieure rembourr\u00e9e, amovible et lavable. Certification CE VG1.<\/p>\n","protected":false},"featured_media":35146,"template":"","meta":[],"product_cat":[831,828],"product_tag":[],"_links":{"self":[{"href":"https:\/\/tattini.dotstage.net\/fr\/wp-json\/wp\/v2\/product\/35648"}],"collection":[{"href":"https:\/\/tattini.dotstage.net\/fr\/wp-json\/wp\/v2\/product"}],"about":[{"href":"https:\/\/tattini.dotstage.net\/fr\/wp-json\/wp\/v2\/types\/product"}],"version-history":[{"count":0,"href":"https:\/\/tattini.dotstage.net\/fr\/wp-json\/wp\/v2\/product\/35648\/revisions"}],"wp:featuredmedia":[{"embeddable":true,"href":"https:\/\/tattini.dotstage.net\/fr\/wp-json\/wp\/v2\/media\/35146"}],"wp:attachment":[{"href":"https:\/\/tattini.dotstage.net\/fr\/wp-json\/wp\/v2\/media?parent=35648"}],"wp:term":[{"taxonomy":"product_cat","embeddable":true,"href":"https:\/\/tattini.dotstage.net\/fr\/wp-json\/wp\/v2\/product_cat?post=35648"},{"taxonomy":"product_tag","embeddable":true,"href":"https:\/\/tattini.dotstage.net\/fr\/wp-json\/wp\/v2\/product_tag?post=35648"}],"curies":[{"name":"wp","href":"https:\/\/api.w.org\/{rel}","templated":true}]}}