{"id":35636,"date":"2024-02-22T15:18:14","date_gmt":"2024-02-22T15:18:14","guid":{"rendered":"https:\/\/tattini.dotstage.net\/prodotto\/casque-daslo-a-3-points-daccroche\/"},"modified":"2024-02-22T15:18:14","modified_gmt":"2024-02-22T15:18:14","slug":"casque-daslo-a-3-points-daccroche","status":"publish","type":"product","link":"https:\/\/tattini.dotstage.net\/fr\/produit\/casque-daslo-a-3-points-daccroche\/","title":{"rendered":"Casque Dasl\u00f6 a 3 points d&rsquo;accroche"},"content":{"rendered":"","protected":false},"excerpt":{"rendered":"<p>Doublure int\u00e9rieure rembourr\u00e9e amovible et lavable, coque en ABS avec doublure en velours, \u00e9tui en tissu. Certification CE VG1.<\/p>\n","protected":false},"featured_media":35151,"template":"","meta":[],"product_cat":[831,828],"product_tag":[],"_links":{"self":[{"href":"https:\/\/tattini.dotstage.net\/fr\/wp-json\/wp\/v2\/product\/35636"}],"collection":[{"href":"https:\/\/tattini.dotstage.net\/fr\/wp-json\/wp\/v2\/product"}],"about":[{"href":"https:\/\/tattini.dotstage.net\/fr\/wp-json\/wp\/v2\/types\/product"}],"version-history":[{"count":0,"href":"https:\/\/tattini.dotstage.net\/fr\/wp-json\/wp\/v2\/product\/35636\/revisions"}],"wp:featuredmedia":[{"embeddable":true,"href":"https:\/\/tattini.dotstage.net\/fr\/wp-json\/wp\/v2\/media\/35151"}],"wp:attachment":[{"href":"https:\/\/tattini.dotstage.net\/fr\/wp-json\/wp\/v2\/media?parent=35636"}],"wp:term":[{"taxonomy":"product_cat","embeddable":true,"href":"https:\/\/tattini.dotstage.net\/fr\/wp-json\/wp\/v2\/product_cat?post=35636"},{"taxonomy":"product_tag","embeddable":true,"href":"https:\/\/tattini.dotstage.net\/fr\/wp-json\/wp\/v2\/product_tag?post=35636"}],"curies":[{"name":"wp","href":"https:\/\/api.w.org\/{rel}","templated":true}]}}