{"id":35623,"date":"2024-02-22T15:18:15","date_gmt":"2024-02-22T15:18:15","guid":{"rendered":"https:\/\/tattini.dotstage.net\/prodotto\/casque-daslo-saturno\/"},"modified":"2024-02-22T15:18:15","modified_gmt":"2024-02-22T15:18:15","slug":"casque-daslo-saturno","status":"publish","type":"product","link":"https:\/\/tattini.dotstage.net\/fr\/produit\/casque-daslo-saturno\/","title":{"rendered":"Casque Dasl\u00f6 Saturno"},"content":{"rendered":"","protected":false},"excerpt":{"rendered":"<p>Coque en ABS super l\u00e9g\u00e8re, rembourrage en EPS. R\u00e9sistant aux temp\u00e9ratures extr\u00eames (-20\u00b0 et +50\u00b0). Syst\u00e8me de r\u00e9tention avec sangles et boucle \u00e0 d\u00e9clenchement rapide. Ventilations avant et arri\u00e8re. Doublure int\u00e9rieure rembourr\u00e9e, amovible et lavable. Roue arri\u00e8re pour le r\u00e9glage de la taille. Pochette en tissu. Certification CE VG1.<\/p>\n","protected":false},"featured_media":35156,"template":"","meta":[],"product_cat":[831,828],"product_tag":[],"_links":{"self":[{"href":"https:\/\/tattini.dotstage.net\/fr\/wp-json\/wp\/v2\/product\/35623"}],"collection":[{"href":"https:\/\/tattini.dotstage.net\/fr\/wp-json\/wp\/v2\/product"}],"about":[{"href":"https:\/\/tattini.dotstage.net\/fr\/wp-json\/wp\/v2\/types\/product"}],"version-history":[{"count":0,"href":"https:\/\/tattini.dotstage.net\/fr\/wp-json\/wp\/v2\/product\/35623\/revisions"}],"wp:featuredmedia":[{"embeddable":true,"href":"https:\/\/tattini.dotstage.net\/fr\/wp-json\/wp\/v2\/media\/35156"}],"wp:attachment":[{"href":"https:\/\/tattini.dotstage.net\/fr\/wp-json\/wp\/v2\/media?parent=35623"}],"wp:term":[{"taxonomy":"product_cat","embeddable":true,"href":"https:\/\/tattini.dotstage.net\/fr\/wp-json\/wp\/v2\/product_cat?post=35623"},{"taxonomy":"product_tag","embeddable":true,"href":"https:\/\/tattini.dotstage.net\/fr\/wp-json\/wp\/v2\/product_tag?post=35623"}],"curies":[{"name":"wp","href":"https:\/\/api.w.org\/{rel}","templated":true}]}}