{"id":34215,"date":"2023-10-31T10:37:18","date_gmt":"2023-10-31T10:37:18","guid":{"rendered":"https:\/\/tattini.dotstage.net\/prodotto\/la-circonference-de-daslo-3\/"},"modified":"2024-02-02T16:39:05","modified_gmt":"2024-02-02T16:39:05","slug":"sangle-daslo-3","status":"publish","type":"product","link":"https:\/\/tattini.dotstage.net\/fr\/produit\/sangle-daslo-3\/","title":{"rendered":"Sangle Dasl\u00f6"},"content":{"rendered":"","protected":false},"excerpt":{"rendered":"<p>Sangle de dressage avec \u00e9lastique. Boucle avec ressort sur le c\u00f4t\u00e9 gauche pour faciliter l\u2019insertion de l\u2019ardillon dans les trous des contre-sanglons.<\/p>\n","protected":false},"featured_media":15235,"template":"","meta":[],"product_cat":[876,897],"product_tag":[],"_links":{"self":[{"href":"https:\/\/tattini.dotstage.net\/fr\/wp-json\/wp\/v2\/product\/34215"}],"collection":[{"href":"https:\/\/tattini.dotstage.net\/fr\/wp-json\/wp\/v2\/product"}],"about":[{"href":"https:\/\/tattini.dotstage.net\/fr\/wp-json\/wp\/v2\/types\/product"}],"version-history":[{"count":0,"href":"https:\/\/tattini.dotstage.net\/fr\/wp-json\/wp\/v2\/product\/34215\/revisions"}],"wp:featuredmedia":[{"embeddable":true,"href":"https:\/\/tattini.dotstage.net\/fr\/wp-json\/wp\/v2\/media\/15235"}],"wp:attachment":[{"href":"https:\/\/tattini.dotstage.net\/fr\/wp-json\/wp\/v2\/media?parent=34215"}],"wp:term":[{"taxonomy":"product_cat","embeddable":true,"href":"https:\/\/tattini.dotstage.net\/fr\/wp-json\/wp\/v2\/product_cat?post=34215"},{"taxonomy":"product_tag","embeddable":true,"href":"https:\/\/tattini.dotstage.net\/fr\/wp-json\/wp\/v2\/product_tag?post=34215"}],"curies":[{"name":"wp","href":"https:\/\/api.w.org\/{rel}","templated":true}]}}