{"id":34202,"date":"2023-10-31T10:37:24","date_gmt":"2023-10-31T10:37:24","guid":{"rendered":"https:\/\/tattini.dotstage.net\/prodotto\/veste-de-competition-pour-femmes-tattini-modele-andromeda\/"},"modified":"2024-02-02T16:39:03","modified_gmt":"2024-02-02T16:39:03","slug":"veste-de-competition-pour-femmes-tattini-modele-andromeda","status":"publish","type":"product","link":"https:\/\/tattini.dotstage.net\/fr\/produit\/veste-de-competition-pour-femmes-tattini-modele-andromeda\/","title":{"rendered":"Veste de concours femme Tattin Andromeda"},"content":{"rendered":"","protected":false},"excerpt":{"rendered":"<p>nouveau tissu technique Softshell super l\u00e9ger, souple, extensible et super confortable. Ligne cintr\u00e9e avec trous d&rsquo;a\u00e9ration sous les bras. Passepoils contrast\u00e9s sur les revers et les poches.<\/p>\n","protected":false},"featured_media":15265,"template":"","meta":[],"product_cat":[783,771],"product_tag":[],"_links":{"self":[{"href":"https:\/\/tattini.dotstage.net\/fr\/wp-json\/wp\/v2\/product\/34202"}],"collection":[{"href":"https:\/\/tattini.dotstage.net\/fr\/wp-json\/wp\/v2\/product"}],"about":[{"href":"https:\/\/tattini.dotstage.net\/fr\/wp-json\/wp\/v2\/types\/product"}],"version-history":[{"count":0,"href":"https:\/\/tattini.dotstage.net\/fr\/wp-json\/wp\/v2\/product\/34202\/revisions"}],"wp:featuredmedia":[{"embeddable":true,"href":"https:\/\/tattini.dotstage.net\/fr\/wp-json\/wp\/v2\/media\/15265"}],"wp:attachment":[{"href":"https:\/\/tattini.dotstage.net\/fr\/wp-json\/wp\/v2\/media?parent=34202"}],"wp:term":[{"taxonomy":"product_cat","embeddable":true,"href":"https:\/\/tattini.dotstage.net\/fr\/wp-json\/wp\/v2\/product_cat?post=34202"},{"taxonomy":"product_tag","embeddable":true,"href":"https:\/\/tattini.dotstage.net\/fr\/wp-json\/wp\/v2\/product_tag?post=34202"}],"curies":[{"name":"wp","href":"https:\/\/api.w.org\/{rel}","templated":true}]}}