{"id":34160,"date":"2023-10-31T10:37:25","date_gmt":"2023-10-31T10:37:25","guid":{"rendered":"https:\/\/tattini.dotstage.net\/prodotto\/sangle-en-neoprene-tattini\/"},"modified":"2024-02-02T16:39:03","modified_gmt":"2024-02-02T16:39:03","slug":"sangle-tattini-en-neoprene","status":"publish","type":"product","link":"https:\/\/tattini.dotstage.net\/fr\/produit\/sangle-tattini-en-neoprene\/","title":{"rendered":"Sangle Tattini en n\u00e9opr\u00e8ne"},"content":{"rendered":"","protected":false},"excerpt":{"rendered":"<p>En n\u00e9opr\u00e8ne galb\u00e9, doubl\u00e9 mouton synth\u00e9tique, \u00e9lastiques contrast\u00e9s de part et d\u2019autre, anneau en D au centre. Boucles \u00e0 rouleaux en acier inox.<\/p>\n","protected":false},"featured_media":15274,"template":"","meta":[],"product_cat":[876,897],"product_tag":[],"_links":{"self":[{"href":"https:\/\/tattini.dotstage.net\/fr\/wp-json\/wp\/v2\/product\/34160"}],"collection":[{"href":"https:\/\/tattini.dotstage.net\/fr\/wp-json\/wp\/v2\/product"}],"about":[{"href":"https:\/\/tattini.dotstage.net\/fr\/wp-json\/wp\/v2\/types\/product"}],"version-history":[{"count":0,"href":"https:\/\/tattini.dotstage.net\/fr\/wp-json\/wp\/v2\/product\/34160\/revisions"}],"wp:featuredmedia":[{"embeddable":true,"href":"https:\/\/tattini.dotstage.net\/fr\/wp-json\/wp\/v2\/media\/15274"}],"wp:attachment":[{"href":"https:\/\/tattini.dotstage.net\/fr\/wp-json\/wp\/v2\/media?parent=34160"}],"wp:term":[{"taxonomy":"product_cat","embeddable":true,"href":"https:\/\/tattini.dotstage.net\/fr\/wp-json\/wp\/v2\/product_cat?post=34160"},{"taxonomy":"product_tag","embeddable":true,"href":"https:\/\/tattini.dotstage.net\/fr\/wp-json\/wp\/v2\/product_tag?post=34160"}],"curies":[{"name":"wp","href":"https:\/\/api.w.org\/{rel}","templated":true}]}}