{"id":34150,"date":"2023-10-31T10:37:10","date_gmt":"2023-10-31T10:37:10","guid":{"rendered":"https:\/\/tattini.dotstage.net\/prodotto\/selle-modele-milan\/"},"modified":"2024-02-02T16:39:07","modified_gmt":"2024-02-02T16:39:07","slug":"selle-mod-milano","status":"publish","type":"product","link":"https:\/\/tattini.dotstage.net\/fr\/produit\/selle-mod-milano\/","title":{"rendered":"Selle mod. milano"},"content":{"rendered":"","protected":false},"excerpt":{"rendered":"<p>Quartiers en cuir martel\u00e9, coussins synth\u00e9tiques, collection \u00e9conomique.<\/p>\n","protected":false},"featured_media":15193,"template":"","meta":[],"product_cat":[876,891],"product_tag":[],"_links":{"self":[{"href":"https:\/\/tattini.dotstage.net\/fr\/wp-json\/wp\/v2\/product\/34150"}],"collection":[{"href":"https:\/\/tattini.dotstage.net\/fr\/wp-json\/wp\/v2\/product"}],"about":[{"href":"https:\/\/tattini.dotstage.net\/fr\/wp-json\/wp\/v2\/types\/product"}],"version-history":[{"count":0,"href":"https:\/\/tattini.dotstage.net\/fr\/wp-json\/wp\/v2\/product\/34150\/revisions"}],"wp:featuredmedia":[{"embeddable":true,"href":"https:\/\/tattini.dotstage.net\/fr\/wp-json\/wp\/v2\/media\/15193"}],"wp:attachment":[{"href":"https:\/\/tattini.dotstage.net\/fr\/wp-json\/wp\/v2\/media?parent=34150"}],"wp:term":[{"taxonomy":"product_cat","embeddable":true,"href":"https:\/\/tattini.dotstage.net\/fr\/wp-json\/wp\/v2\/product_cat?post=34150"},{"taxonomy":"product_tag","embeddable":true,"href":"https:\/\/tattini.dotstage.net\/fr\/wp-json\/wp\/v2\/product_tag?post=34150"}],"curies":[{"name":"wp","href":"https:\/\/api.w.org\/{rel}","templated":true}]}}