{"id":34065,"date":"2023-10-31T10:37:32","date_gmt":"2023-10-31T10:37:32","guid":{"rendered":"https:\/\/tattini.dotstage.net\/prodotto\/etriers-inextensibles-daslo\/"},"modified":"2024-02-02T16:39:01","modified_gmt":"2024-02-02T16:39:01","slug":"etrivieres-daslo-2","status":"publish","type":"product","link":"https:\/\/tattini.dotstage.net\/fr\/produit\/etrivieres-daslo-2\/","title":{"rendered":"Etrivi\u00e8res Dasl\u00f6"},"content":{"rendered":"","protected":false},"excerpt":{"rendered":"<p>Inextensibles, boucle en acier inox cintr\u00e9e et cousue. Bande de nylon renfor\u00e7ant \u00e0 l\u2019int\u00e9rieur rev\u00eatue en cuir.<\/p>\n","protected":false},"featured_media":15313,"template":"","meta":[],"product_cat":[876,897],"product_tag":[],"_links":{"self":[{"href":"https:\/\/tattini.dotstage.net\/fr\/wp-json\/wp\/v2\/product\/34065"}],"collection":[{"href":"https:\/\/tattini.dotstage.net\/fr\/wp-json\/wp\/v2\/product"}],"about":[{"href":"https:\/\/tattini.dotstage.net\/fr\/wp-json\/wp\/v2\/types\/product"}],"version-history":[{"count":0,"href":"https:\/\/tattini.dotstage.net\/fr\/wp-json\/wp\/v2\/product\/34065\/revisions"}],"wp:featuredmedia":[{"embeddable":true,"href":"https:\/\/tattini.dotstage.net\/fr\/wp-json\/wp\/v2\/media\/15313"}],"wp:attachment":[{"href":"https:\/\/tattini.dotstage.net\/fr\/wp-json\/wp\/v2\/media?parent=34065"}],"wp:term":[{"taxonomy":"product_cat","embeddable":true,"href":"https:\/\/tattini.dotstage.net\/fr\/wp-json\/wp\/v2\/product_cat?post=34065"},{"taxonomy":"product_tag","embeddable":true,"href":"https:\/\/tattini.dotstage.net\/fr\/wp-json\/wp\/v2\/product_tag?post=34065"}],"curies":[{"name":"wp","href":"https:\/\/api.w.org\/{rel}","templated":true}]}}