{"id":34001,"date":"2023-10-31T10:37:18","date_gmt":"2023-10-31T10:37:18","guid":{"rendered":"https:\/\/tattini.dotstage.net\/prodotto\/tamigi-adulte-veste-bombardier-unisexe-tamigi\/"},"modified":"2024-02-02T16:39:04","modified_gmt":"2024-02-02T16:39:04","slug":"blouson-bomber-tattini-adulte-unisexe-tamigi","status":"publish","type":"product","link":"https:\/\/tattini.dotstage.net\/fr\/produit\/blouson-bomber-tattini-adulte-unisexe-tamigi\/","title":{"rendered":"Blouson bomber Tattini adulte unisexe tamigi"},"content":{"rendered":"","protected":false},"excerpt":{"rendered":"<p>R\u00e9alise en nylon hydrofuge avec doublure contrast\u00e9e en chaude micro-polaire anti-pilling de haute qualit\u00e9. Taille, poignets et partie ant\u00e9rieure du col en jersey \u00e9lastique ton sur ton \u00e0 rayures contrast\u00e9es, tire-zips personnalis\u00e9s, pourvu de fermeture \u00e0 glissi\u00e8re interne post\u00e9rieure pour l\u2019application d\u2019une broderie.<\/p>\n","protected":false},"featured_media":15232,"template":"","meta":[],"product_cat":[777,771],"product_tag":[],"_links":{"self":[{"href":"https:\/\/tattini.dotstage.net\/fr\/wp-json\/wp\/v2\/product\/34001"}],"collection":[{"href":"https:\/\/tattini.dotstage.net\/fr\/wp-json\/wp\/v2\/product"}],"about":[{"href":"https:\/\/tattini.dotstage.net\/fr\/wp-json\/wp\/v2\/types\/product"}],"version-history":[{"count":0,"href":"https:\/\/tattini.dotstage.net\/fr\/wp-json\/wp\/v2\/product\/34001\/revisions"}],"wp:featuredmedia":[{"embeddable":true,"href":"https:\/\/tattini.dotstage.net\/fr\/wp-json\/wp\/v2\/media\/15232"}],"wp:attachment":[{"href":"https:\/\/tattini.dotstage.net\/fr\/wp-json\/wp\/v2\/media?parent=34001"}],"wp:term":[{"taxonomy":"product_cat","embeddable":true,"href":"https:\/\/tattini.dotstage.net\/fr\/wp-json\/wp\/v2\/product_cat?post=34001"},{"taxonomy":"product_tag","embeddable":true,"href":"https:\/\/tattini.dotstage.net\/fr\/wp-json\/wp\/v2\/product_tag?post=34001"}],"curies":[{"name":"wp","href":"https:\/\/api.w.org\/{rel}","templated":true}]}}