{"id":33872,"date":"2023-10-31T10:37:25","date_gmt":"2023-10-31T10:37:25","guid":{"rendered":"https:\/\/tattini.dotstage.net\/prodotto\/la-circonference-de-daslo-2\/"},"modified":"2024-02-02T16:39:02","modified_gmt":"2024-02-02T16:39:02","slug":"sangle-daslo-2","status":"publish","type":"product","link":"https:\/\/tattini.dotstage.net\/fr\/produit\/sangle-daslo-2\/","title":{"rendered":"Sangle Dasl\u00f6"},"content":{"rendered":"","protected":false},"excerpt":{"rendered":"<p>En n\u00e9opr\u00e8ne galb\u00e9, renforts en nylon et \u00e9lastique.<\/p>\n","protected":false},"featured_media":15271,"template":"","meta":[],"product_cat":[876,897],"product_tag":[],"_links":{"self":[{"href":"https:\/\/tattini.dotstage.net\/fr\/wp-json\/wp\/v2\/product\/33872"}],"collection":[{"href":"https:\/\/tattini.dotstage.net\/fr\/wp-json\/wp\/v2\/product"}],"about":[{"href":"https:\/\/tattini.dotstage.net\/fr\/wp-json\/wp\/v2\/types\/product"}],"version-history":[{"count":0,"href":"https:\/\/tattini.dotstage.net\/fr\/wp-json\/wp\/v2\/product\/33872\/revisions"}],"wp:featuredmedia":[{"embeddable":true,"href":"https:\/\/tattini.dotstage.net\/fr\/wp-json\/wp\/v2\/media\/15271"}],"wp:attachment":[{"href":"https:\/\/tattini.dotstage.net\/fr\/wp-json\/wp\/v2\/media?parent=33872"}],"wp:term":[{"taxonomy":"product_cat","embeddable":true,"href":"https:\/\/tattini.dotstage.net\/fr\/wp-json\/wp\/v2\/product_cat?post=33872"},{"taxonomy":"product_tag","embeddable":true,"href":"https:\/\/tattini.dotstage.net\/fr\/wp-json\/wp\/v2\/product_tag?post=33872"}],"curies":[{"name":"wp","href":"https:\/\/api.w.org\/{rel}","templated":true}]}}