{"id":33858,"date":"2023-10-31T10:37:11","date_gmt":"2023-10-31T10:37:11","guid":{"rendered":"https:\/\/tattini.dotstage.net\/prodotto\/veste-de-competition-softshell-technoleggero-pour-enfants-tattini\/"},"modified":"2024-02-02T16:39:06","modified_gmt":"2024-02-02T16:39:06","slug":"veste-tattini-garcon-fille-concours-softshell-techno-leger","status":"publish","type":"product","link":"https:\/\/tattini.dotstage.net\/fr\/produit\/veste-tattini-garcon-fille-concours-softshell-techno-leger\/","title":{"rendered":"Veste Tattini gar\u00e7on\/fille concours softshell techno-leger"},"content":{"rendered":"","protected":false},"excerpt":{"rendered":"<p>R\u00e9alis\u00e9e en softshell techno-l\u00e9ger de derni\u00e8re g\u00e9n\u00e9ration (softshell 100% = Polyester thermo-polyur\u00e9thane thermoplastique). Hydrofuge et respirant, adh\u00e9rente comme un gant, extr\u00eamement l\u00e9ger et \u00e9lastique, super-confortable! Fini par liser\u00e9 en contraste sur le revers, les rabats couvre-poches, les fentes arri\u00e8re et les manches. Personnalis\u00e9e avec l&rsquo;\u00e9cusson Tattini sur la manche gauche.<\/p>\n","protected":false},"featured_media":15199,"template":"","meta":[],"product_cat":[783,771],"product_tag":[],"_links":{"self":[{"href":"https:\/\/tattini.dotstage.net\/fr\/wp-json\/wp\/v2\/product\/33858"}],"collection":[{"href":"https:\/\/tattini.dotstage.net\/fr\/wp-json\/wp\/v2\/product"}],"about":[{"href":"https:\/\/tattini.dotstage.net\/fr\/wp-json\/wp\/v2\/types\/product"}],"version-history":[{"count":0,"href":"https:\/\/tattini.dotstage.net\/fr\/wp-json\/wp\/v2\/product\/33858\/revisions"}],"wp:featuredmedia":[{"embeddable":true,"href":"https:\/\/tattini.dotstage.net\/fr\/wp-json\/wp\/v2\/media\/15199"}],"wp:attachment":[{"href":"https:\/\/tattini.dotstage.net\/fr\/wp-json\/wp\/v2\/media?parent=33858"}],"wp:term":[{"taxonomy":"product_cat","embeddable":true,"href":"https:\/\/tattini.dotstage.net\/fr\/wp-json\/wp\/v2\/product_cat?post=33858"},{"taxonomy":"product_tag","embeddable":true,"href":"https:\/\/tattini.dotstage.net\/fr\/wp-json\/wp\/v2\/product_tag?post=33858"}],"curies":[{"name":"wp","href":"https:\/\/api.w.org\/{rel}","templated":true}]}}