{"id":33785,"date":"2023-10-31T10:37:19","date_gmt":"2023-10-31T10:37:19","guid":{"rendered":"https:\/\/tattini.dotstage.net\/prodotto\/la-circonference-de-daslo\/"},"modified":"2024-02-02T16:39:04","modified_gmt":"2024-02-02T16:39:04","slug":"sangle-daslo","status":"publish","type":"product","link":"https:\/\/tattini.dotstage.net\/fr\/produit\/sangle-daslo\/","title":{"rendered":"Sangle Dasl\u00f6"},"content":{"rendered":"","protected":false},"excerpt":{"rendered":"<p>En cuir d\u2019excellente qualit\u00e9, avec \u00e9lastiques doubles et boucles \u00e0 rouleaux en acier inox.<\/p>\n","protected":false},"featured_media":15238,"template":"","meta":[],"product_cat":[876,897],"product_tag":[],"_links":{"self":[{"href":"https:\/\/tattini.dotstage.net\/fr\/wp-json\/wp\/v2\/product\/33785"}],"collection":[{"href":"https:\/\/tattini.dotstage.net\/fr\/wp-json\/wp\/v2\/product"}],"about":[{"href":"https:\/\/tattini.dotstage.net\/fr\/wp-json\/wp\/v2\/types\/product"}],"version-history":[{"count":0,"href":"https:\/\/tattini.dotstage.net\/fr\/wp-json\/wp\/v2\/product\/33785\/revisions"}],"wp:featuredmedia":[{"embeddable":true,"href":"https:\/\/tattini.dotstage.net\/fr\/wp-json\/wp\/v2\/media\/15238"}],"wp:attachment":[{"href":"https:\/\/tattini.dotstage.net\/fr\/wp-json\/wp\/v2\/media?parent=33785"}],"wp:term":[{"taxonomy":"product_cat","embeddable":true,"href":"https:\/\/tattini.dotstage.net\/fr\/wp-json\/wp\/v2\/product_cat?post=33785"},{"taxonomy":"product_tag","embeddable":true,"href":"https:\/\/tattini.dotstage.net\/fr\/wp-json\/wp\/v2\/product_tag?post=33785"}],"curies":[{"name":"wp","href":"https:\/\/api.w.org\/{rel}","templated":true}]}}