{"id":33742,"date":"2023-10-31T10:37:12","date_gmt":"2023-10-31T10:37:12","guid":{"rendered":"https:\/\/tattini.dotstage.net\/prodotto\/selle-de-poney-daslo-avec-poignee\/"},"modified":"2024-02-02T16:39:06","modified_gmt":"2024-02-02T16:39:06","slug":"daslo-selle-enfant-avec-poignee","status":"publish","type":"product","link":"https:\/\/tattini.dotstage.net\/fr\/produit\/daslo-selle-enfant-avec-poignee\/","title":{"rendered":"Daslo selle enfant avec poignee"},"content":{"rendered":"","protected":false},"excerpt":{"rendered":"<p>En cuir synth\u00e9tique, avec poign\u00e9e, si\u00e8ge moul\u00e9 et pr\u00e9form\u00e9. Elle offre le plus grand confort et soutien pour les cavaliers plus jeunes. Compl\u00e8te avec sangle, \u00e9triers et \u00e9trivi\u00e8res. Couleur: noir (10) Taille: 12\u201d<\/p>\n","protected":false},"featured_media":15202,"template":"","meta":[],"product_cat":[876,891],"product_tag":[],"_links":{"self":[{"href":"https:\/\/tattini.dotstage.net\/fr\/wp-json\/wp\/v2\/product\/33742"}],"collection":[{"href":"https:\/\/tattini.dotstage.net\/fr\/wp-json\/wp\/v2\/product"}],"about":[{"href":"https:\/\/tattini.dotstage.net\/fr\/wp-json\/wp\/v2\/types\/product"}],"version-history":[{"count":0,"href":"https:\/\/tattini.dotstage.net\/fr\/wp-json\/wp\/v2\/product\/33742\/revisions"}],"wp:featuredmedia":[{"embeddable":true,"href":"https:\/\/tattini.dotstage.net\/fr\/wp-json\/wp\/v2\/media\/15202"}],"wp:attachment":[{"href":"https:\/\/tattini.dotstage.net\/fr\/wp-json\/wp\/v2\/media?parent=33742"}],"wp:term":[{"taxonomy":"product_cat","embeddable":true,"href":"https:\/\/tattini.dotstage.net\/fr\/wp-json\/wp\/v2\/product_cat?post=33742"},{"taxonomy":"product_tag","embeddable":true,"href":"https:\/\/tattini.dotstage.net\/fr\/wp-json\/wp\/v2\/product_tag?post=33742"}],"curies":[{"name":"wp","href":"https:\/\/api.w.org\/{rel}","templated":true}]}}