{"id":33650,"date":"2023-10-31T10:37:26","date_gmt":"2023-10-31T10:37:26","guid":{"rendered":"https:\/\/tattini.dotstage.net\/prodotto\/daslo-la-sangle-des-bonbons\/"},"modified":"2024-02-02T16:39:02","modified_gmt":"2024-02-02T16:39:02","slug":"sangle-daslo-demi-bavette-nouvelle","status":"publish","type":"product","link":"https:\/\/tattini.dotstage.net\/fr\/produit\/sangle-daslo-demi-bavette-nouvelle\/","title":{"rendered":"Sangle Daslo demi-bavette (nouvelle)"},"content":{"rendered":"","protected":false},"excerpt":{"rendered":"<p>En cuir de haute qualit\u00e9, \u00e9quip\u00e9e de boucles en acier inox, \u00e9lastiques ton sur ton sur les deux c\u00f4t\u00e9s et 3 anneaux en D.<\/p>\n","protected":false},"featured_media":15277,"template":"","meta":[],"product_cat":[876,897],"product_tag":[],"_links":{"self":[{"href":"https:\/\/tattini.dotstage.net\/fr\/wp-json\/wp\/v2\/product\/33650"}],"collection":[{"href":"https:\/\/tattini.dotstage.net\/fr\/wp-json\/wp\/v2\/product"}],"about":[{"href":"https:\/\/tattini.dotstage.net\/fr\/wp-json\/wp\/v2\/types\/product"}],"version-history":[{"count":0,"href":"https:\/\/tattini.dotstage.net\/fr\/wp-json\/wp\/v2\/product\/33650\/revisions"}],"wp:featuredmedia":[{"embeddable":true,"href":"https:\/\/tattini.dotstage.net\/fr\/wp-json\/wp\/v2\/media\/15277"}],"wp:attachment":[{"href":"https:\/\/tattini.dotstage.net\/fr\/wp-json\/wp\/v2\/media?parent=33650"}],"wp:term":[{"taxonomy":"product_cat","embeddable":true,"href":"https:\/\/tattini.dotstage.net\/fr\/wp-json\/wp\/v2\/product_cat?post=33650"},{"taxonomy":"product_tag","embeddable":true,"href":"https:\/\/tattini.dotstage.net\/fr\/wp-json\/wp\/v2\/product_tag?post=33650"}],"curies":[{"name":"wp","href":"https:\/\/api.w.org\/{rel}","templated":true}]}}