{"id":33644,"date":"2023-10-31T10:37:13","date_gmt":"2023-10-31T10:37:13","guid":{"rendered":"https:\/\/tattini.dotstage.net\/prodotto\/bareback\/"},"modified":"2024-02-02T16:39:06","modified_gmt":"2024-02-02T16:39:06","slug":"tapis-de-monte-a-cru","status":"publish","type":"product","link":"https:\/\/tattini.dotstage.net\/fr\/produit\/tapis-de-monte-a-cru\/","title":{"rendered":"Tapis de monte \u00e0 cru"},"content":{"rendered":"","protected":false},"excerpt":{"rendered":"<p>En tissu navajo, fourni d\u2019\u00e9triers et sangle, doubl\u00e9 en mouton synth\u00e9tique.<\/p>\n","protected":false},"featured_media":15205,"template":"","meta":[],"product_cat":[876,891],"product_tag":[],"_links":{"self":[{"href":"https:\/\/tattini.dotstage.net\/fr\/wp-json\/wp\/v2\/product\/33644"}],"collection":[{"href":"https:\/\/tattini.dotstage.net\/fr\/wp-json\/wp\/v2\/product"}],"about":[{"href":"https:\/\/tattini.dotstage.net\/fr\/wp-json\/wp\/v2\/types\/product"}],"version-history":[{"count":0,"href":"https:\/\/tattini.dotstage.net\/fr\/wp-json\/wp\/v2\/product\/33644\/revisions"}],"wp:featuredmedia":[{"embeddable":true,"href":"https:\/\/tattini.dotstage.net\/fr\/wp-json\/wp\/v2\/media\/15205"}],"wp:attachment":[{"href":"https:\/\/tattini.dotstage.net\/fr\/wp-json\/wp\/v2\/media?parent=33644"}],"wp:term":[{"taxonomy":"product_cat","embeddable":true,"href":"https:\/\/tattini.dotstage.net\/fr\/wp-json\/wp\/v2\/product_cat?post=33644"},{"taxonomy":"product_tag","embeddable":true,"href":"https:\/\/tattini.dotstage.net\/fr\/wp-json\/wp\/v2\/product_tag?post=33644"}],"curies":[{"name":"wp","href":"https:\/\/api.w.org\/{rel}","templated":true}]}}