{"id":33611,"date":"2023-10-31T10:37:33","date_gmt":"2023-10-31T10:37:33","guid":{"rendered":"https:\/\/tattini.dotstage.net\/prodotto\/staffili-tattini\/"},"modified":"2024-02-02T16:39:01","modified_gmt":"2024-02-02T16:39:01","slug":"etrivieres-tattini","status":"publish","type":"product","link":"https:\/\/tattini.dotstage.net\/fr\/produit\/etrivieres-tattini\/","title":{"rendered":"Etrivi\u00e8res Tattini"},"content":{"rendered":"","protected":false},"excerpt":{"rendered":"<p>Inextensibles, en nylon rev\u00eatu en cuir de qualit\u00e9 extr\u00eamement souple. Boucle cintr\u00e9e cousue.<\/p>\n","protected":false},"featured_media":15316,"template":"","meta":[],"product_cat":[876,897],"product_tag":[],"_links":{"self":[{"href":"https:\/\/tattini.dotstage.net\/fr\/wp-json\/wp\/v2\/product\/33611"}],"collection":[{"href":"https:\/\/tattini.dotstage.net\/fr\/wp-json\/wp\/v2\/product"}],"about":[{"href":"https:\/\/tattini.dotstage.net\/fr\/wp-json\/wp\/v2\/types\/product"}],"version-history":[{"count":0,"href":"https:\/\/tattini.dotstage.net\/fr\/wp-json\/wp\/v2\/product\/33611\/revisions"}],"wp:featuredmedia":[{"embeddable":true,"href":"https:\/\/tattini.dotstage.net\/fr\/wp-json\/wp\/v2\/media\/15316"}],"wp:attachment":[{"href":"https:\/\/tattini.dotstage.net\/fr\/wp-json\/wp\/v2\/media?parent=33611"}],"wp:term":[{"taxonomy":"product_cat","embeddable":true,"href":"https:\/\/tattini.dotstage.net\/fr\/wp-json\/wp\/v2\/product_cat?post=33611"},{"taxonomy":"product_tag","embeddable":true,"href":"https:\/\/tattini.dotstage.net\/fr\/wp-json\/wp\/v2\/product_tag?post=33611"}],"curies":[{"name":"wp","href":"https:\/\/api.w.org\/{rel}","templated":true}]}}