{"id":33597,"date":"2023-10-31T10:37:20","date_gmt":"2023-10-31T10:37:20","guid":{"rendered":"https:\/\/tattini.dotstage.net\/prodotto\/la-circonference-du-tattini-2\/"},"modified":"2024-02-02T16:39:04","modified_gmt":"2024-02-02T16:39:04","slug":"sangle-tattini-5","status":"publish","type":"product","link":"https:\/\/tattini.dotstage.net\/fr\/produit\/sangle-tattini-5\/","title":{"rendered":"Sangle Tattini"},"content":{"rendered":"","protected":false},"excerpt":{"rendered":"<p>R\u00e9alis\u00e9e dans le nouveau cuir tann\u00e9 100% v\u00e9g\u00e9tale, sans chrome, sans substances nocives et non allerg\u00e8ne. Equip\u00e9e de mousquetons, \u00e9lastiques ton sur ton sur les deux c\u00f4t\u00e9s et boucles en acier inoxydable.<\/p>\n","protected":false},"featured_media":15241,"template":"","meta":[],"product_cat":[876,897],"product_tag":[],"_links":{"self":[{"href":"https:\/\/tattini.dotstage.net\/fr\/wp-json\/wp\/v2\/product\/33597"}],"collection":[{"href":"https:\/\/tattini.dotstage.net\/fr\/wp-json\/wp\/v2\/product"}],"about":[{"href":"https:\/\/tattini.dotstage.net\/fr\/wp-json\/wp\/v2\/types\/product"}],"version-history":[{"count":0,"href":"https:\/\/tattini.dotstage.net\/fr\/wp-json\/wp\/v2\/product\/33597\/revisions"}],"wp:featuredmedia":[{"embeddable":true,"href":"https:\/\/tattini.dotstage.net\/fr\/wp-json\/wp\/v2\/media\/15241"}],"wp:attachment":[{"href":"https:\/\/tattini.dotstage.net\/fr\/wp-json\/wp\/v2\/media?parent=33597"}],"wp:term":[{"taxonomy":"product_cat","embeddable":true,"href":"https:\/\/tattini.dotstage.net\/fr\/wp-json\/wp\/v2\/product_cat?post=33597"},{"taxonomy":"product_tag","embeddable":true,"href":"https:\/\/tattini.dotstage.net\/fr\/wp-json\/wp\/v2\/product_tag?post=33597"}],"curies":[{"name":"wp","href":"https:\/\/api.w.org\/{rel}","templated":true}]}}