{"id":33555,"date":"2023-10-31T10:37:34","date_gmt":"2023-10-31T10:37:34","guid":{"rendered":"https:\/\/tattini.dotstage.net\/prodotto\/etriers-inextensibles-avec-reglage-en-t\/"},"modified":"2024-02-02T16:39:00","modified_gmt":"2024-02-02T16:39:00","slug":"etriers-sans-boucles-reglage-en-t","status":"publish","type":"product","link":"https:\/\/tattini.dotstage.net\/fr\/produit\/etriers-sans-boucles-reglage-en-t\/","title":{"rendered":"Etriers sans boucles reglage en t"},"content":{"rendered":"","protected":false},"excerpt":{"rendered":"<p>\u00c9trivi\u00e8res inextensibles avec r\u00e9glage en T, pour moins d\u2019encombrement sur les couteaux d\u2019\u00e9trivi\u00e8res<\/p>\n","protected":false},"featured_media":15325,"template":"","meta":[],"product_cat":[876,897],"product_tag":[],"_links":{"self":[{"href":"https:\/\/tattini.dotstage.net\/fr\/wp-json\/wp\/v2\/product\/33555"}],"collection":[{"href":"https:\/\/tattini.dotstage.net\/fr\/wp-json\/wp\/v2\/product"}],"about":[{"href":"https:\/\/tattini.dotstage.net\/fr\/wp-json\/wp\/v2\/types\/product"}],"version-history":[{"count":0,"href":"https:\/\/tattini.dotstage.net\/fr\/wp-json\/wp\/v2\/product\/33555\/revisions"}],"wp:featuredmedia":[{"embeddable":true,"href":"https:\/\/tattini.dotstage.net\/fr\/wp-json\/wp\/v2\/media\/15325"}],"wp:attachment":[{"href":"https:\/\/tattini.dotstage.net\/fr\/wp-json\/wp\/v2\/media?parent=33555"}],"wp:term":[{"taxonomy":"product_cat","embeddable":true,"href":"https:\/\/tattini.dotstage.net\/fr\/wp-json\/wp\/v2\/product_cat?post=33555"},{"taxonomy":"product_tag","embeddable":true,"href":"https:\/\/tattini.dotstage.net\/fr\/wp-json\/wp\/v2\/product_tag?post=33555"}],"curies":[{"name":"wp","href":"https:\/\/api.w.org\/{rel}","templated":true}]}}