{"id":33464,"date":"2023-10-31T10:37:28","date_gmt":"2023-10-31T10:37:28","guid":{"rendered":"https:\/\/tattini.dotstage.net\/prodotto\/la-circonference-du-tattini\/"},"modified":"2024-02-02T16:39:02","modified_gmt":"2024-02-02T16:39:02","slug":"sangle-tattini-4","status":"publish","type":"product","link":"https:\/\/tattini.dotstage.net\/fr\/produit\/sangle-tattini-4\/","title":{"rendered":"Sangle Tattini"},"content":{"rendered":"","protected":false},"excerpt":{"rendered":"<p>R\u00e9alis\u00e9e dans le nouveau cuir tann\u00e9 100% v\u00e9g\u00e9tale, sans chrome, sans substances nocives et non allerg\u00e8ne. Equip\u00e9e de \u00e9lastiques ton sur ton sur les deux c\u00f4t\u00e9s et boucles en acier inoxydable avec anneau.<\/p>\n","protected":false},"featured_media":15289,"template":"","meta":[],"product_cat":[876,897],"product_tag":[],"_links":{"self":[{"href":"https:\/\/tattini.dotstage.net\/fr\/wp-json\/wp\/v2\/product\/33464"}],"collection":[{"href":"https:\/\/tattini.dotstage.net\/fr\/wp-json\/wp\/v2\/product"}],"about":[{"href":"https:\/\/tattini.dotstage.net\/fr\/wp-json\/wp\/v2\/types\/product"}],"version-history":[{"count":0,"href":"https:\/\/tattini.dotstage.net\/fr\/wp-json\/wp\/v2\/product\/33464\/revisions"}],"wp:featuredmedia":[{"embeddable":true,"href":"https:\/\/tattini.dotstage.net\/fr\/wp-json\/wp\/v2\/media\/15289"}],"wp:attachment":[{"href":"https:\/\/tattini.dotstage.net\/fr\/wp-json\/wp\/v2\/media?parent=33464"}],"wp:term":[{"taxonomy":"product_cat","embeddable":true,"href":"https:\/\/tattini.dotstage.net\/fr\/wp-json\/wp\/v2\/product_cat?post=33464"},{"taxonomy":"product_tag","embeddable":true,"href":"https:\/\/tattini.dotstage.net\/fr\/wp-json\/wp\/v2\/product_tag?post=33464"}],"curies":[{"name":"wp","href":"https:\/\/api.w.org\/{rel}","templated":true}]}}