{"id":33453,"date":"2023-10-31T10:37:14","date_gmt":"2023-10-31T10:37:14","guid":{"rendered":"https:\/\/tattini.dotstage.net\/prodotto\/veste-transparente-unisexe-tattini\/"},"modified":"2024-02-02T16:39:06","modified_gmt":"2024-02-02T16:39:06","slug":"veste-transparente-tattini-unisexe","status":"publish","type":"product","link":"https:\/\/tattini.dotstage.net\/fr\/produit\/veste-transparente-tattini-unisexe\/","title":{"rendered":"Veste transparente Tattini unisexe"},"content":{"rendered":"","protected":false},"excerpt":{"rendered":"<p>Ligne cintr\u00e9e, en polyester tricot extr\u00eamement l\u00e9ger, imperm\u00e9able et respirant avec coutures thermo soud\u00e9es et zip \u00e9tanche double curseur. Elle poss\u00e8de deux poches zipp\u00e9es cach\u00e9es, capuche amovible et finition avec profils \u00e9lastiques contrast\u00e9s. Non doubl\u00e9e, elle est \u00e9galement id\u00e9ale pour \u00eatre port\u00e9e au dessus de la veste de concours.<\/p>\n","protected":false},"featured_media":15211,"template":"","meta":[],"product_cat":[783,771],"product_tag":[],"_links":{"self":[{"href":"https:\/\/tattini.dotstage.net\/fr\/wp-json\/wp\/v2\/product\/33453"}],"collection":[{"href":"https:\/\/tattini.dotstage.net\/fr\/wp-json\/wp\/v2\/product"}],"about":[{"href":"https:\/\/tattini.dotstage.net\/fr\/wp-json\/wp\/v2\/types\/product"}],"version-history":[{"count":0,"href":"https:\/\/tattini.dotstage.net\/fr\/wp-json\/wp\/v2\/product\/33453\/revisions"}],"wp:featuredmedia":[{"embeddable":true,"href":"https:\/\/tattini.dotstage.net\/fr\/wp-json\/wp\/v2\/media\/15211"}],"wp:attachment":[{"href":"https:\/\/tattini.dotstage.net\/fr\/wp-json\/wp\/v2\/media?parent=33453"}],"wp:term":[{"taxonomy":"product_cat","embeddable":true,"href":"https:\/\/tattini.dotstage.net\/fr\/wp-json\/wp\/v2\/product_cat?post=33453"},{"taxonomy":"product_tag","embeddable":true,"href":"https:\/\/tattini.dotstage.net\/fr\/wp-json\/wp\/v2\/product_tag?post=33453"}],"curies":[{"name":"wp","href":"https:\/\/api.w.org\/{rel}","templated":true}]}}