{"id":33390,"date":"2023-10-31T10:37:15","date_gmt":"2023-10-31T10:37:15","guid":{"rendered":"https:\/\/tattini.dotstage.net\/prodotto\/veste-de-competition-tattini-venere\/"},"modified":"2024-02-02T16:39:06","modified_gmt":"2024-02-02T16:39:06","slug":"veste-de-concours-femme-avec-col-interchangeable","status":"publish","type":"product","link":"https:\/\/tattini.dotstage.net\/fr\/produit\/veste-de-concours-femme-avec-col-interchangeable\/","title":{"rendered":"VESTE DE CONCOURS FEMME AVEC COL INTERCHANGEABLE"},"content":{"rendered":"","protected":false},"excerpt":{"rendered":"<p>En tissu technique softshell (72% polyamide, 28% \u00e9lasthanne) super l\u00e9g\u00e8r et respirant, elle est \u00e9quip\u00e9e de deux cols interchangeables avec zip, en lurex et en strass, inclus dans le prix.  Double fermeture avec fermeture \u00e9clair et boutons, inserts sur les c\u00f4t\u00e9s et les manches en tissu \u00e0 resille, pour favoriser la ventilation; faux-poches avant avec patte, \u00e9cusson Tattini en m\u00e9tal sur la manche gauche.<\/p>\n","protected":false},"featured_media":15217,"template":"","meta":[],"product_cat":[783,771],"product_tag":[],"_links":{"self":[{"href":"https:\/\/tattini.dotstage.net\/fr\/wp-json\/wp\/v2\/product\/33390"}],"collection":[{"href":"https:\/\/tattini.dotstage.net\/fr\/wp-json\/wp\/v2\/product"}],"about":[{"href":"https:\/\/tattini.dotstage.net\/fr\/wp-json\/wp\/v2\/types\/product"}],"version-history":[{"count":0,"href":"https:\/\/tattini.dotstage.net\/fr\/wp-json\/wp\/v2\/product\/33390\/revisions"}],"wp:featuredmedia":[{"embeddable":true,"href":"https:\/\/tattini.dotstage.net\/fr\/wp-json\/wp\/v2\/media\/15217"}],"wp:attachment":[{"href":"https:\/\/tattini.dotstage.net\/fr\/wp-json\/wp\/v2\/media?parent=33390"}],"wp:term":[{"taxonomy":"product_cat","embeddable":true,"href":"https:\/\/tattini.dotstage.net\/fr\/wp-json\/wp\/v2\/product_cat?post=33390"},{"taxonomy":"product_tag","embeddable":true,"href":"https:\/\/tattini.dotstage.net\/fr\/wp-json\/wp\/v2\/product_tag?post=33390"}],"curies":[{"name":"wp","href":"https:\/\/api.w.org\/{rel}","templated":true}]}}