{"id":33370,"date":"2023-10-31T10:37:35","date_gmt":"2023-10-31T10:37:35","guid":{"rendered":"https:\/\/tattini.dotstage.net\/prodotto\/daslo-martingale\/"},"modified":"2024-02-02T16:39:00","modified_gmt":"2024-02-02T16:39:00","slug":"martingale-daslo","status":"publish","type":"product","link":"https:\/\/tattini.dotstage.net\/fr\/produit\/martingale-daslo\/","title":{"rendered":"Martingale Dasl\u00f6"},"content":{"rendered":"","protected":false},"excerpt":{"rendered":"<p>De chasse en PVC, souple, flexible et tr\u00e8s solide, renforc\u00e9e \u00e0 l\u2019int\u00e9rieure par une bande de nylon. Entretien facile, disponible en couleurs brillantes.<\/p>\n","protected":false},"featured_media":15328,"template":"","meta":[],"product_cat":[876,888],"product_tag":[],"_links":{"self":[{"href":"https:\/\/tattini.dotstage.net\/fr\/wp-json\/wp\/v2\/product\/33370"}],"collection":[{"href":"https:\/\/tattini.dotstage.net\/fr\/wp-json\/wp\/v2\/product"}],"about":[{"href":"https:\/\/tattini.dotstage.net\/fr\/wp-json\/wp\/v2\/types\/product"}],"version-history":[{"count":0,"href":"https:\/\/tattini.dotstage.net\/fr\/wp-json\/wp\/v2\/product\/33370\/revisions"}],"wp:featuredmedia":[{"embeddable":true,"href":"https:\/\/tattini.dotstage.net\/fr\/wp-json\/wp\/v2\/media\/15328"}],"wp:attachment":[{"href":"https:\/\/tattini.dotstage.net\/fr\/wp-json\/wp\/v2\/media?parent=33370"}],"wp:term":[{"taxonomy":"product_cat","embeddable":true,"href":"https:\/\/tattini.dotstage.net\/fr\/wp-json\/wp\/v2\/product_cat?post=33370"},{"taxonomy":"product_tag","embeddable":true,"href":"https:\/\/tattini.dotstage.net\/fr\/wp-json\/wp\/v2\/product_tag?post=33370"}],"curies":[{"name":"wp","href":"https:\/\/api.w.org\/{rel}","templated":true}]}}