{"id":33357,"date":"2023-10-31T10:37:22","date_gmt":"2023-10-31T10:37:22","guid":{"rendered":"https:\/\/tattini.dotstage.net\/prodotto\/veste-de-competition-pour-hommes-tattini-modele-mercurio\/"},"modified":"2024-02-02T16:39:03","modified_gmt":"2024-02-02T16:39:03","slug":"veste-de-competition-pour-hommes-tattini-modele-mercurio","status":"publish","type":"product","link":"https:\/\/tattini.dotstage.net\/fr\/produit\/veste-de-competition-pour-hommes-tattini-modele-mercurio\/","title":{"rendered":"Veste de concours homme Tattini Mercurio"},"content":{"rendered":"","protected":false},"excerpt":{"rendered":"<p>nouveau tissu technique Softshell super l\u00e9ger, super souple, extensible et super confortable. Ligne ajust\u00e9e \u00e0\u00a0 la taille avec trous d&rsquo;a\u00e9ration sous les bras. Passepoils contrast\u00e9s sur les revers et les poches.<\/p>\n","protected":false},"featured_media":15259,"template":"","meta":[],"product_cat":[783,771],"product_tag":[],"_links":{"self":[{"href":"https:\/\/tattini.dotstage.net\/fr\/wp-json\/wp\/v2\/product\/33357"}],"collection":[{"href":"https:\/\/tattini.dotstage.net\/fr\/wp-json\/wp\/v2\/product"}],"about":[{"href":"https:\/\/tattini.dotstage.net\/fr\/wp-json\/wp\/v2\/types\/product"}],"version-history":[{"count":0,"href":"https:\/\/tattini.dotstage.net\/fr\/wp-json\/wp\/v2\/product\/33357\/revisions"}],"wp:featuredmedia":[{"embeddable":true,"href":"https:\/\/tattini.dotstage.net\/fr\/wp-json\/wp\/v2\/media\/15259"}],"wp:attachment":[{"href":"https:\/\/tattini.dotstage.net\/fr\/wp-json\/wp\/v2\/media?parent=33357"}],"wp:term":[{"taxonomy":"product_cat","embeddable":true,"href":"https:\/\/tattini.dotstage.net\/fr\/wp-json\/wp\/v2\/product_cat?post=33357"},{"taxonomy":"product_tag","embeddable":true,"href":"https:\/\/tattini.dotstage.net\/fr\/wp-json\/wp\/v2\/product_tag?post=33357"}],"curies":[{"name":"wp","href":"https:\/\/api.w.org\/{rel}","templated":true}]}}