{"id":33316,"date":"2023-10-31T10:37:16","date_gmt":"2023-10-31T10:37:16","guid":{"rendered":"https:\/\/tattini.dotstage.net\/prodotto\/selle-en-daim-daslo-avec-bandeau-interchangeable\/"},"modified":"2024-02-02T16:39:06","modified_gmt":"2024-02-02T16:39:06","slug":"selle-daslo-chamoisee-avec-arcade-darcon-interchangeable","status":"publish","type":"product","link":"https:\/\/tattini.dotstage.net\/fr\/produit\/selle-daslo-chamoisee-avec-arcade-darcon-interchangeable\/","title":{"rendered":"Selle Dasl\u00f6 chamois\u00e9e avec arcade d\u2019ar\u00e7on interchangeable"},"content":{"rendered":"","protected":false},"excerpt":{"rendered":"<p>En cuir synth\u00e9tique. L\u2019arcade d\u2019ar\u00e7on interchangeable permet d\u2019adapter la selle au garrot du cheval. Rev\u00eatement chamois\u00e9 antid\u00e9rapant sur si\u00e8ge et avanc\u00e9es de quartiers, ar\u00e7on synth\u00e9tique flexible, extr\u00eamement l\u00e9g\u00e8re et d\u2019entretien facile. Contre-sanglons en cuir de buffle, bananes avec velcros et coussins rembourr\u00e9s laine. Tailles 15&Prime; et 16&Prime; (Poney): arcade 30cm &#8211; noir\/m\u00e9dium, tailles 17&Prime; et 18&Prime;: arcade 28cm &#8211; bleu\/m\u00e9dium \u00e9troit.<\/p>\n","protected":false},"featured_media":15223,"template":"","meta":[],"product_cat":[876,891],"product_tag":[],"_links":{"self":[{"href":"https:\/\/tattini.dotstage.net\/fr\/wp-json\/wp\/v2\/product\/33316"}],"collection":[{"href":"https:\/\/tattini.dotstage.net\/fr\/wp-json\/wp\/v2\/product"}],"about":[{"href":"https:\/\/tattini.dotstage.net\/fr\/wp-json\/wp\/v2\/types\/product"}],"version-history":[{"count":0,"href":"https:\/\/tattini.dotstage.net\/fr\/wp-json\/wp\/v2\/product\/33316\/revisions"}],"wp:featuredmedia":[{"embeddable":true,"href":"https:\/\/tattini.dotstage.net\/fr\/wp-json\/wp\/v2\/media\/15223"}],"wp:attachment":[{"href":"https:\/\/tattini.dotstage.net\/fr\/wp-json\/wp\/v2\/media?parent=33316"}],"wp:term":[{"taxonomy":"product_cat","embeddable":true,"href":"https:\/\/tattini.dotstage.net\/fr\/wp-json\/wp\/v2\/product_cat?post=33316"},{"taxonomy":"product_tag","embeddable":true,"href":"https:\/\/tattini.dotstage.net\/fr\/wp-json\/wp\/v2\/product_tag?post=33316"}],"curies":[{"name":"wp","href":"https:\/\/api.w.org\/{rel}","templated":true}]}}