{"id":33259,"date":"2023-10-31T10:37:16","date_gmt":"2023-10-31T10:37:16","guid":{"rendered":"https:\/\/tattini.dotstage.net\/prodotto\/selle-gen-x-elite-rodrigo\/"},"modified":"2024-02-02T16:39:05","modified_gmt":"2024-02-02T16:39:05","slug":"selle-rodrigo-pessoa-genx-elite","status":"publish","type":"product","link":"https:\/\/tattini.dotstage.net\/fr\/produit\/selle-rodrigo-pessoa-genx-elite\/","title":{"rendered":"Selle rodrigo Pessoa genx elite"},"content":{"rendered":"","protected":false},"excerpt":{"rendered":"<p>En cuir pleine fleur martel\u00e9 et graiss\u00e9 de haute qualit\u00e9, avec inserts avant en cuir de veau ultra souple, supports triangulaires et ar\u00e7on en fibre de carbone. La selle GEN-X est \u00e9quip\u00e9e du syst\u00e8me X-change avec arcade interchangeable. Le cavalier peut modifier l\u2019amplitude de l\u2019archon avec un simple tournevis \u00e0 l\u2019aide d\u2019un arcade d&rsquo;archon Pessoa de la taille d\u00e9sir\u00e9e. C\u2019est tr\u00e8s simple! Le syst\u00e8me ne modifie pas l\u2019int\u00e9grit\u00e9 ou l\u2019apparence de la selle, ni la r\u00e9sistance ou la performance et l\u2019archon s\u2019adapte parfaitement aux garrot et au dos de chaque cheval. L\u2019amplitude de l\u2019arcion peut \u00eatre chang\u00e9e de extra-\u00e9troit \u00e0 extra-large. Le rembourrage des coussins traditionnels peut causer des points chauds ou des pressions non homog\u00e8nes, tandis que le syst\u00e8me AMS, avec rembourrage de laine sp\u00e9cial, garantit un plus grand confort pour le cavalier et pour le cheval, permet un contact \u00e9troit et constant et soulage le poids du chevalier sur le dos du cheval. Il absorbe \u00e9galement les impacts et distribue la pression pour un maximum de confort et de libert\u00e9 de mouvement du cheval.<\/p>\n","protected":false},"featured_media":15220,"template":"","meta":[],"product_cat":[876,891],"product_tag":[],"_links":{"self":[{"href":"https:\/\/tattini.dotstage.net\/fr\/wp-json\/wp\/v2\/product\/33259"}],"collection":[{"href":"https:\/\/tattini.dotstage.net\/fr\/wp-json\/wp\/v2\/product"}],"about":[{"href":"https:\/\/tattini.dotstage.net\/fr\/wp-json\/wp\/v2\/types\/product"}],"version-history":[{"count":0,"href":"https:\/\/tattini.dotstage.net\/fr\/wp-json\/wp\/v2\/product\/33259\/revisions"}],"wp:featuredmedia":[{"embeddable":true,"href":"https:\/\/tattini.dotstage.net\/fr\/wp-json\/wp\/v2\/media\/15220"}],"wp:attachment":[{"href":"https:\/\/tattini.dotstage.net\/fr\/wp-json\/wp\/v2\/media?parent=33259"}],"wp:term":[{"taxonomy":"product_cat","embeddable":true,"href":"https:\/\/tattini.dotstage.net\/fr\/wp-json\/wp\/v2\/product_cat?post=33259"},{"taxonomy":"product_tag","embeddable":true,"href":"https:\/\/tattini.dotstage.net\/fr\/wp-json\/wp\/v2\/product_tag?post=33259"}],"curies":[{"name":"wp","href":"https:\/\/api.w.org\/{rel}","templated":true}]}}