{"id":33224,"date":"2023-10-31T10:37:23","date_gmt":"2023-10-31T10:37:23","guid":{"rendered":"https:\/\/tattini.dotstage.net\/prodotto\/veste-de-competition-pour-garcon-tattini-modele-plutone\/"},"modified":"2024-02-02T16:39:03","modified_gmt":"2024-02-02T16:39:03","slug":"veste-de-competition-pour-garcon-tattini-modele-plutone","status":"publish","type":"product","link":"https:\/\/tattini.dotstage.net\/fr\/produit\/veste-de-competition-pour-garcon-tattini-modele-plutone\/","title":{"rendered":"Veste de concours gar\u00e7on\/fille Tattini Plutone"},"content":{"rendered":"","protected":false},"excerpt":{"rendered":"<p>nouveau tissu technique softshell super l\u00e9ger, super souple, extensible et super confortable. Ligne cintr\u00e9e et ajust\u00e9e avec trous d&rsquo;a\u00e9ration sous les bras. Passepoils contrast\u00e9s sur les revers et les poches. \u00c9quip\u00e9 de doubles boucles et de boutons amovibles pour permettre une fermeture homme\/femme.<\/p>\n","protected":false},"featured_media":15262,"template":"","meta":[],"product_cat":[783,771],"product_tag":[],"_links":{"self":[{"href":"https:\/\/tattini.dotstage.net\/fr\/wp-json\/wp\/v2\/product\/33224"}],"collection":[{"href":"https:\/\/tattini.dotstage.net\/fr\/wp-json\/wp\/v2\/product"}],"about":[{"href":"https:\/\/tattini.dotstage.net\/fr\/wp-json\/wp\/v2\/types\/product"}],"version-history":[{"count":0,"href":"https:\/\/tattini.dotstage.net\/fr\/wp-json\/wp\/v2\/product\/33224\/revisions"}],"wp:featuredmedia":[{"embeddable":true,"href":"https:\/\/tattini.dotstage.net\/fr\/wp-json\/wp\/v2\/media\/15262"}],"wp:attachment":[{"href":"https:\/\/tattini.dotstage.net\/fr\/wp-json\/wp\/v2\/media?parent=33224"}],"wp:term":[{"taxonomy":"product_cat","embeddable":true,"href":"https:\/\/tattini.dotstage.net\/fr\/wp-json\/wp\/v2\/product_cat?post=33224"},{"taxonomy":"product_tag","embeddable":true,"href":"https:\/\/tattini.dotstage.net\/fr\/wp-json\/wp\/v2\/product_tag?post=33224"}],"curies":[{"name":"wp","href":"https:\/\/api.w.org\/{rel}","templated":true}]}}