{"id":33152,"date":"2023-10-31T10:37:31","date_gmt":"2023-10-31T10:37:31","guid":{"rendered":"https:\/\/tattini.dotstage.net\/prodotto\/staffili\/"},"modified":"2024-02-02T16:39:01","modified_gmt":"2024-02-02T16:39:01","slug":"etrivieres","status":"publish","type":"product","link":"https:\/\/tattini.dotstage.net\/fr\/produit\/etrivieres\/","title":{"rendered":"Etrivi\u00e8res"},"content":{"rendered":"","protected":false},"excerpt":{"rendered":"<p>En cuir, s\u00e9rie \u00e9conomique.<\/p>\n","protected":false},"featured_media":15307,"template":"","meta":[],"product_cat":[876,897],"product_tag":[],"_links":{"self":[{"href":"https:\/\/tattini.dotstage.net\/fr\/wp-json\/wp\/v2\/product\/33152"}],"collection":[{"href":"https:\/\/tattini.dotstage.net\/fr\/wp-json\/wp\/v2\/product"}],"about":[{"href":"https:\/\/tattini.dotstage.net\/fr\/wp-json\/wp\/v2\/types\/product"}],"version-history":[{"count":0,"href":"https:\/\/tattini.dotstage.net\/fr\/wp-json\/wp\/v2\/product\/33152\/revisions"}],"wp:featuredmedia":[{"embeddable":true,"href":"https:\/\/tattini.dotstage.net\/fr\/wp-json\/wp\/v2\/media\/15307"}],"wp:attachment":[{"href":"https:\/\/tattini.dotstage.net\/fr\/wp-json\/wp\/v2\/media?parent=33152"}],"wp:term":[{"taxonomy":"product_cat","embeddable":true,"href":"https:\/\/tattini.dotstage.net\/fr\/wp-json\/wp\/v2\/product_cat?post=33152"},{"taxonomy":"product_tag","embeddable":true,"href":"https:\/\/tattini.dotstage.net\/fr\/wp-json\/wp\/v2\/product_tag?post=33152"}],"curies":[{"name":"wp","href":"https:\/\/api.w.org\/{rel}","templated":true}]}}