{"id":33148,"date":"2023-10-31T10:37:17","date_gmt":"2023-10-31T10:37:17","guid":{"rendered":"https:\/\/tattini.dotstage.net\/prodotto\/selle-de-liverpool\/"},"modified":"2024-02-02T16:39:05","modified_gmt":"2024-02-02T16:39:05","slug":"selle-de-liverpool","status":"publish","type":"product","link":"https:\/\/tattini.dotstage.net\/fr\/produit\/selle-de-liverpool\/","title":{"rendered":"Selle de Liverpool"},"content":{"rendered":"","protected":false},"excerpt":{"rendered":"<p>Une combinaison d&rsquo;\u00e9quilibre, de confort et de qualit\u00e9 pour atteindre la perfection. Si\u00e8ge rond, semi-profond et quartiers longs, id\u00e9al pour l&rsquo;\u00e9quitation de tous les jours. Les appuis avant et arri\u00e8re r\u00e9glables avec rupture de charge garantissent la meilleure position et offrent une grande s\u00e9curit\u00e9 et un bon contr\u00f4le au cavalier. Arceau traditionnel en bois stratifi\u00e9, renforc\u00e9 d&rsquo;acier, avec fixation des \u00e9triers et d\u00e9verrouillage de s\u00e9curit\u00e9. Cuir de veau souple, pr\u00e9-huil\u00e9 et antid\u00e9rapant. Coussins en caoutchouc mousse souple et pr\u00e9form\u00e9. Complet avec housse de selle.<\/p>\n","protected":false},"featured_media":15226,"template":"","meta":[],"product_cat":[876,891],"product_tag":[],"_links":{"self":[{"href":"https:\/\/tattini.dotstage.net\/fr\/wp-json\/wp\/v2\/product\/33148"}],"collection":[{"href":"https:\/\/tattini.dotstage.net\/fr\/wp-json\/wp\/v2\/product"}],"about":[{"href":"https:\/\/tattini.dotstage.net\/fr\/wp-json\/wp\/v2\/types\/product"}],"version-history":[{"count":0,"href":"https:\/\/tattini.dotstage.net\/fr\/wp-json\/wp\/v2\/product\/33148\/revisions"}],"wp:featuredmedia":[{"embeddable":true,"href":"https:\/\/tattini.dotstage.net\/fr\/wp-json\/wp\/v2\/media\/15226"}],"wp:attachment":[{"href":"https:\/\/tattini.dotstage.net\/fr\/wp-json\/wp\/v2\/media?parent=33148"}],"wp:term":[{"taxonomy":"product_cat","embeddable":true,"href":"https:\/\/tattini.dotstage.net\/fr\/wp-json\/wp\/v2\/product_cat?post=33148"},{"taxonomy":"product_tag","embeddable":true,"href":"https:\/\/tattini.dotstage.net\/fr\/wp-json\/wp\/v2\/product_tag?post=33148"}],"curies":[{"name":"wp","href":"https:\/\/api.w.org\/{rel}","templated":true}]}}