{"id":33098,"date":"2023-10-31T10:37:52","date_gmt":"2023-10-31T10:37:52","guid":{"rendered":"https:\/\/tattini.dotstage.net\/prodotto\/coussin-en-peau-dagneau-synthetique-daslo\/"},"modified":"2024-02-02T16:38:34","modified_gmt":"2024-02-02T16:38:34","slug":"amortisseur-daslo-en-agneau-syntetique","status":"publish","type":"product","link":"https:\/\/tattini.dotstage.net\/fr\/produit\/amortisseur-daslo-en-agneau-syntetique\/","title":{"rendered":"Amortisseur Daslo en agneau syntetique"},"content":{"rendered":"","protected":false},"excerpt":{"rendered":"<p>Surpiqu\u00e9, doubl\u00e9 avec agneau synth\u00e9tique ton sur ton. Couleur: blanc (01) &#8211; noir (10) marron (04) &#8211; bleu (09) Taille: unique (57 cm)<\/p>\n","protected":false},"featured_media":15415,"template":"","meta":[],"product_cat":[876,882],"product_tag":[],"_links":{"self":[{"href":"https:\/\/tattini.dotstage.net\/fr\/wp-json\/wp\/v2\/product\/33098"}],"collection":[{"href":"https:\/\/tattini.dotstage.net\/fr\/wp-json\/wp\/v2\/product"}],"about":[{"href":"https:\/\/tattini.dotstage.net\/fr\/wp-json\/wp\/v2\/types\/product"}],"version-history":[{"count":0,"href":"https:\/\/tattini.dotstage.net\/fr\/wp-json\/wp\/v2\/product\/33098\/revisions"}],"wp:featuredmedia":[{"embeddable":true,"href":"https:\/\/tattini.dotstage.net\/fr\/wp-json\/wp\/v2\/media\/15415"}],"wp:attachment":[{"href":"https:\/\/tattini.dotstage.net\/fr\/wp-json\/wp\/v2\/media?parent=33098"}],"wp:term":[{"taxonomy":"product_cat","embeddable":true,"href":"https:\/\/tattini.dotstage.net\/fr\/wp-json\/wp\/v2\/product_cat?post=33098"},{"taxonomy":"product_tag","embeddable":true,"href":"https:\/\/tattini.dotstage.net\/fr\/wp-json\/wp\/v2\/product_tag?post=33098"}],"curies":[{"name":"wp","href":"https:\/\/api.w.org\/{rel}","templated":true}]}}