{"id":33086,"date":"2023-10-31T10:37:37","date_gmt":"2023-10-31T10:37:37","guid":{"rendered":"https:\/\/tattini.dotstage.net\/prodotto\/collier-de-poney\/"},"modified":"2024-02-02T16:39:00","modified_gmt":"2024-02-02T16:39:00","slug":"martingale-a-collier-poney","status":"publish","type":"product","link":"https:\/\/tattini.dotstage.net\/fr\/produit\/martingale-a-collier-poney\/","title":{"rendered":"Martingale \u00e0 collier poney"},"content":{"rendered":"","protected":false},"excerpt":{"rendered":"<p>En cuir, bouclerie inox, s\u00e9rie \u00e9conomique.<\/p>\n","protected":false},"featured_media":15340,"template":"","meta":[],"product_cat":[876,888],"product_tag":[],"_links":{"self":[{"href":"https:\/\/tattini.dotstage.net\/fr\/wp-json\/wp\/v2\/product\/33086"}],"collection":[{"href":"https:\/\/tattini.dotstage.net\/fr\/wp-json\/wp\/v2\/product"}],"about":[{"href":"https:\/\/tattini.dotstage.net\/fr\/wp-json\/wp\/v2\/types\/product"}],"version-history":[{"count":0,"href":"https:\/\/tattini.dotstage.net\/fr\/wp-json\/wp\/v2\/product\/33086\/revisions"}],"wp:featuredmedia":[{"embeddable":true,"href":"https:\/\/tattini.dotstage.net\/fr\/wp-json\/wp\/v2\/media\/15340"}],"wp:attachment":[{"href":"https:\/\/tattini.dotstage.net\/fr\/wp-json\/wp\/v2\/media?parent=33086"}],"wp:term":[{"taxonomy":"product_cat","embeddable":true,"href":"https:\/\/tattini.dotstage.net\/fr\/wp-json\/wp\/v2\/product_cat?post=33086"},{"taxonomy":"product_tag","embeddable":true,"href":"https:\/\/tattini.dotstage.net\/fr\/wp-json\/wp\/v2\/product_tag?post=33086"}],"curies":[{"name":"wp","href":"https:\/\/api.w.org\/{rel}","templated":true}]}}