{"id":33059,"date":"2023-10-31T10:38:09","date_gmt":"2023-10-31T10:38:09","guid":{"rendered":"https:\/\/tattini.dotstage.net\/prodotto\/tapis-de-selle-en-laine-navajo-de-brad-bens\/"},"modified":"2024-02-02T16:38:31","modified_gmt":"2024-02-02T16:38:31","slug":"tapis-brad-rens-navajomouton","status":"publish","type":"product","link":"https:\/\/tattini.dotstage.net\/fr\/produit\/tapis-brad-rens-navajomouton\/","title":{"rendered":"TAPIS BRAD REN&rsquo;S NAVAJO+MOUTON"},"content":{"rendered":"","protected":false},"excerpt":{"rendered":"<p>Tapis de selle Navajo de Brad Ren en laine, avec rembourrage et doublure profil\u00e9e en cuir d&rsquo;agneau synth\u00e9tique, renforts en cuir sur les c\u00f4t\u00e9s et au garrot. Mesure 35 \u00ab\u00a0x35\u00a0\u00bb<\/p>\n","protected":false},"featured_media":15493,"template":"","meta":[],"product_cat":[909,903],"product_tag":[],"_links":{"self":[{"href":"https:\/\/tattini.dotstage.net\/fr\/wp-json\/wp\/v2\/product\/33059"}],"collection":[{"href":"https:\/\/tattini.dotstage.net\/fr\/wp-json\/wp\/v2\/product"}],"about":[{"href":"https:\/\/tattini.dotstage.net\/fr\/wp-json\/wp\/v2\/types\/product"}],"version-history":[{"count":0,"href":"https:\/\/tattini.dotstage.net\/fr\/wp-json\/wp\/v2\/product\/33059\/revisions"}],"wp:featuredmedia":[{"embeddable":true,"href":"https:\/\/tattini.dotstage.net\/fr\/wp-json\/wp\/v2\/media\/15493"}],"wp:attachment":[{"href":"https:\/\/tattini.dotstage.net\/fr\/wp-json\/wp\/v2\/media?parent=33059"}],"wp:term":[{"taxonomy":"product_cat","embeddable":true,"href":"https:\/\/tattini.dotstage.net\/fr\/wp-json\/wp\/v2\/product_cat?post=33059"},{"taxonomy":"product_tag","embeddable":true,"href":"https:\/\/tattini.dotstage.net\/fr\/wp-json\/wp\/v2\/product_tag?post=33059"}],"curies":[{"name":"wp","href":"https:\/\/api.w.org\/{rel}","templated":true}]}}