{"id":33014,"date":"2023-10-31T10:38:10","date_gmt":"2023-10-31T10:38:10","guid":{"rendered":"https:\/\/tattini.dotstage.net\/prodotto\/daslo-oreiller-synthetique-agneau-poney\/"},"modified":"2024-02-02T16:38:31","modified_gmt":"2024-02-02T16:38:31","slug":"amortisseur-daslo-poney-agneau-syntetique","status":"publish","type":"product","link":"https:\/\/tattini.dotstage.net\/fr\/produit\/amortisseur-daslo-poney-agneau-syntetique\/","title":{"rendered":"AMORTISSEUR DASLO PONEY AGNEAU SYNTETIQUE"},"content":{"rendered":"","protected":false},"excerpt":{"rendered":"<p>Surpiqu\u00e9, doubl\u00e9 avec agneau synth\u00e9tique ton sur ton. Couleur: blanc (01) &#8211; noir (10) Taille: poney<\/p>\n","protected":false},"featured_media":15499,"template":"","meta":[],"product_cat":[876,894],"product_tag":[],"_links":{"self":[{"href":"https:\/\/tattini.dotstage.net\/fr\/wp-json\/wp\/v2\/product\/33014"}],"collection":[{"href":"https:\/\/tattini.dotstage.net\/fr\/wp-json\/wp\/v2\/product"}],"about":[{"href":"https:\/\/tattini.dotstage.net\/fr\/wp-json\/wp\/v2\/types\/product"}],"version-history":[{"count":0,"href":"https:\/\/tattini.dotstage.net\/fr\/wp-json\/wp\/v2\/product\/33014\/revisions"}],"wp:featuredmedia":[{"embeddable":true,"href":"https:\/\/tattini.dotstage.net\/fr\/wp-json\/wp\/v2\/media\/15499"}],"wp:attachment":[{"href":"https:\/\/tattini.dotstage.net\/fr\/wp-json\/wp\/v2\/media?parent=33014"}],"wp:term":[{"taxonomy":"product_cat","embeddable":true,"href":"https:\/\/tattini.dotstage.net\/fr\/wp-json\/wp\/v2\/product_cat?post=33014"},{"taxonomy":"product_tag","embeddable":true,"href":"https:\/\/tattini.dotstage.net\/fr\/wp-json\/wp\/v2\/product_tag?post=33014"}],"curies":[{"name":"wp","href":"https:\/\/api.w.org\/{rel}","templated":true}]}}