{"id":32986,"date":"2023-10-31T10:37:39","date_gmt":"2023-10-31T10:37:39","guid":{"rendered":"https:\/\/tattini.dotstage.net\/prodotto\/le-plastron-de-brad-rens\/"},"modified":"2024-02-02T16:39:00","modified_gmt":"2024-02-02T16:39:00","slug":"le-plastron-de-brad-rens","status":"publish","type":"product","link":"https:\/\/tattini.dotstage.net\/fr\/produit\/le-plastron-de-brad-rens\/","title":{"rendered":"Le plastron de Brad Ren&rsquo;s"},"content":{"rendered":"","protected":false},"excerpt":{"rendered":"<p>Cuir d\u00e9cor\u00e9 de strass. Assorti \u00e0 la t\u00eate de lit 1482599.<\/p>\n","protected":false},"featured_media":15352,"template":"","meta":[],"product_cat":[903,915],"product_tag":[],"_links":{"self":[{"href":"https:\/\/tattini.dotstage.net\/fr\/wp-json\/wp\/v2\/product\/32986"}],"collection":[{"href":"https:\/\/tattini.dotstage.net\/fr\/wp-json\/wp\/v2\/product"}],"about":[{"href":"https:\/\/tattini.dotstage.net\/fr\/wp-json\/wp\/v2\/types\/product"}],"version-history":[{"count":0,"href":"https:\/\/tattini.dotstage.net\/fr\/wp-json\/wp\/v2\/product\/32986\/revisions"}],"wp:featuredmedia":[{"embeddable":true,"href":"https:\/\/tattini.dotstage.net\/fr\/wp-json\/wp\/v2\/media\/15352"}],"wp:attachment":[{"href":"https:\/\/tattini.dotstage.net\/fr\/wp-json\/wp\/v2\/media?parent=32986"}],"wp:term":[{"taxonomy":"product_cat","embeddable":true,"href":"https:\/\/tattini.dotstage.net\/fr\/wp-json\/wp\/v2\/product_cat?post=32986"},{"taxonomy":"product_tag","embeddable":true,"href":"https:\/\/tattini.dotstage.net\/fr\/wp-json\/wp\/v2\/product_tag?post=32986"}],"curies":[{"name":"wp","href":"https:\/\/api.w.org\/{rel}","templated":true}]}}