{"id":32960,"date":"2023-10-31T10:38:11","date_gmt":"2023-10-31T10:38:11","guid":{"rendered":"https:\/\/tattini.dotstage.net\/prodotto\/supports-de-securite-en-acier-inoxydable-avec-plaques-de-pied\/"},"modified":"2024-02-02T16:38:31","modified_gmt":"2024-02-02T16:38:31","slug":"etriers-3","status":"publish","type":"product","link":"https:\/\/tattini.dotstage.net\/fr\/produit\/etriers-3\/","title":{"rendered":"\u00c9triers"},"content":{"rendered":"","protected":false},"excerpt":{"rendered":"<p>\u00c9triers de s\u00e9curit\u00e9, inox, avec semelles.<\/p>\n","protected":false},"featured_media":15505,"template":"","meta":[],"product_cat":[876,897],"product_tag":[],"_links":{"self":[{"href":"https:\/\/tattini.dotstage.net\/fr\/wp-json\/wp\/v2\/product\/32960"}],"collection":[{"href":"https:\/\/tattini.dotstage.net\/fr\/wp-json\/wp\/v2\/product"}],"about":[{"href":"https:\/\/tattini.dotstage.net\/fr\/wp-json\/wp\/v2\/types\/product"}],"version-history":[{"count":0,"href":"https:\/\/tattini.dotstage.net\/fr\/wp-json\/wp\/v2\/product\/32960\/revisions"}],"wp:featuredmedia":[{"embeddable":true,"href":"https:\/\/tattini.dotstage.net\/fr\/wp-json\/wp\/v2\/media\/15505"}],"wp:attachment":[{"href":"https:\/\/tattini.dotstage.net\/fr\/wp-json\/wp\/v2\/media?parent=32960"}],"wp:term":[{"taxonomy":"product_cat","embeddable":true,"href":"https:\/\/tattini.dotstage.net\/fr\/wp-json\/wp\/v2\/product_cat?post=32960"},{"taxonomy":"product_tag","embeddable":true,"href":"https:\/\/tattini.dotstage.net\/fr\/wp-json\/wp\/v2\/product_tag?post=32960"}],"curies":[{"name":"wp","href":"https:\/\/api.w.org\/{rel}","templated":true}]}}