{"id":32937,"date":"2023-10-31T10:37:39","date_gmt":"2023-10-31T10:37:39","guid":{"rendered":"https:\/\/tattini.dotstage.net\/prodotto\/martingale-tattini\/"},"modified":"2024-02-02T16:38:59","modified_gmt":"2024-02-02T16:38:59","slug":"martingale-tattini","status":"publish","type":"product","link":"https:\/\/tattini.dotstage.net\/fr\/produit\/martingale-tattini\/","title":{"rendered":"Martingale Tattini"},"content":{"rendered":"","protected":false},"excerpt":{"rendered":"<p>R\u00e9alis\u00e9e dans le nouveau cuir 100% tann\u00e9 v\u00e9g\u00e9tale, sans chrome, sans substances nocives et non allerg\u00e8ne. A collier, avec une nouvelle attaque du col.<\/p>\n","protected":false},"featured_media":15349,"template":"","meta":[],"product_cat":[876,888],"product_tag":[],"_links":{"self":[{"href":"https:\/\/tattini.dotstage.net\/fr\/wp-json\/wp\/v2\/product\/32937"}],"collection":[{"href":"https:\/\/tattini.dotstage.net\/fr\/wp-json\/wp\/v2\/product"}],"about":[{"href":"https:\/\/tattini.dotstage.net\/fr\/wp-json\/wp\/v2\/types\/product"}],"version-history":[{"count":0,"href":"https:\/\/tattini.dotstage.net\/fr\/wp-json\/wp\/v2\/product\/32937\/revisions"}],"wp:featuredmedia":[{"embeddable":true,"href":"https:\/\/tattini.dotstage.net\/fr\/wp-json\/wp\/v2\/media\/15349"}],"wp:attachment":[{"href":"https:\/\/tattini.dotstage.net\/fr\/wp-json\/wp\/v2\/media?parent=32937"}],"wp:term":[{"taxonomy":"product_cat","embeddable":true,"href":"https:\/\/tattini.dotstage.net\/fr\/wp-json\/wp\/v2\/product_cat?post=32937"},{"taxonomy":"product_tag","embeddable":true,"href":"https:\/\/tattini.dotstage.net\/fr\/wp-json\/wp\/v2\/product_tag?post=32937"}],"curies":[{"name":"wp","href":"https:\/\/api.w.org\/{rel}","templated":true}]}}