{"id":32908,"date":"2023-10-31T10:37:55","date_gmt":"2023-10-31T10:37:55","guid":{"rendered":"https:\/\/tattini.dotstage.net\/prodotto\/coussin-anti-traumatique-tattini-l\/"},"modified":"2024-02-02T16:38:34","modified_gmt":"2024-02-02T16:38:34","slug":"amortisseur-de-dos-tattini-anti-trauma-l","status":"publish","type":"product","link":"https:\/\/tattini.dotstage.net\/fr\/produit\/amortisseur-de-dos-tattini-anti-trauma-l\/","title":{"rendered":"Amortisseur de dos Tattini anti trauma (l)"},"content":{"rendered":"","protected":false},"excerpt":{"rendered":"<p>En pur mouton australien combin\u00e9 au mat\u00e9riau antid\u00e9rapant, souple, confortable, respirant, anti-blessures et antiallergique. Pourvu de rembourrage en mousse pour un confort optimal du cheval et du cavalier.<\/p>\n","protected":false},"featured_media":15433,"template":"","meta":[],"product_cat":[876,894],"product_tag":[],"_links":{"self":[{"href":"https:\/\/tattini.dotstage.net\/fr\/wp-json\/wp\/v2\/product\/32908"}],"collection":[{"href":"https:\/\/tattini.dotstage.net\/fr\/wp-json\/wp\/v2\/product"}],"about":[{"href":"https:\/\/tattini.dotstage.net\/fr\/wp-json\/wp\/v2\/types\/product"}],"version-history":[{"count":0,"href":"https:\/\/tattini.dotstage.net\/fr\/wp-json\/wp\/v2\/product\/32908\/revisions"}],"wp:featuredmedia":[{"embeddable":true,"href":"https:\/\/tattini.dotstage.net\/fr\/wp-json\/wp\/v2\/media\/15433"}],"wp:attachment":[{"href":"https:\/\/tattini.dotstage.net\/fr\/wp-json\/wp\/v2\/media?parent=32908"}],"wp:term":[{"taxonomy":"product_cat","embeddable":true,"href":"https:\/\/tattini.dotstage.net\/fr\/wp-json\/wp\/v2\/product_cat?post=32908"},{"taxonomy":"product_tag","embeddable":true,"href":"https:\/\/tattini.dotstage.net\/fr\/wp-json\/wp\/v2\/product_tag?post=32908"}],"curies":[{"name":"wp","href":"https:\/\/api.w.org\/{rel}","templated":true}]}}