{"id":32883,"date":"2023-10-31T10:38:27","date_gmt":"2023-10-31T10:38:27","guid":{"rendered":"https:\/\/tattini.dotstage.net\/prodotto\/tete-de-lit-daslo-4\/"},"modified":"2024-02-02T16:38:28","modified_gmt":"2024-02-02T16:38:28","slug":"bridon-daslo-5","status":"publish","type":"product","link":"https:\/\/tattini.dotstage.net\/fr\/produit\/bridon-daslo-5\/","title":{"rendered":"Bridon Dasl\u00f6"},"content":{"rendered":"","protected":false},"excerpt":{"rendered":"<p>En cuir, frontal bomb\u00e9 et galb\u00e9, muserolle anglaise avec noseband, r\u00eanes caoutchouc ton sur ton, bouclerie arrondie acier inox.<\/p>\n","protected":false},"featured_media":15586,"template":"","meta":[],"product_cat":[900,876],"product_tag":[],"_links":{"self":[{"href":"https:\/\/tattini.dotstage.net\/fr\/wp-json\/wp\/v2\/product\/32883"}],"collection":[{"href":"https:\/\/tattini.dotstage.net\/fr\/wp-json\/wp\/v2\/product"}],"about":[{"href":"https:\/\/tattini.dotstage.net\/fr\/wp-json\/wp\/v2\/types\/product"}],"version-history":[{"count":0,"href":"https:\/\/tattini.dotstage.net\/fr\/wp-json\/wp\/v2\/product\/32883\/revisions"}],"wp:featuredmedia":[{"embeddable":true,"href":"https:\/\/tattini.dotstage.net\/fr\/wp-json\/wp\/v2\/media\/15586"}],"wp:attachment":[{"href":"https:\/\/tattini.dotstage.net\/fr\/wp-json\/wp\/v2\/media?parent=32883"}],"wp:term":[{"taxonomy":"product_cat","embeddable":true,"href":"https:\/\/tattini.dotstage.net\/fr\/wp-json\/wp\/v2\/product_cat?post=32883"},{"taxonomy":"product_tag","embeddable":true,"href":"https:\/\/tattini.dotstage.net\/fr\/wp-json\/wp\/v2\/product_tag?post=32883"}],"curies":[{"name":"wp","href":"https:\/\/api.w.org\/{rel}","templated":true}]}}