{"id":32820,"date":"2023-10-31T10:37:56","date_gmt":"2023-10-31T10:37:56","guid":{"rendered":"https:\/\/tattini.dotstage.net\/prodotto\/sous-siege-daslo-2\/"},"modified":"2024-02-02T16:38:33","modified_gmt":"2024-02-02T16:38:33","slug":"chabraque-daslo-2","status":"publish","type":"product","link":"https:\/\/tattini.dotstage.net\/fr\/produit\/chabraque-daslo-2\/","title":{"rendered":"Chabraque Dasl\u00f6"},"content":{"rendered":"","protected":false},"excerpt":{"rendered":"<p>Galb\u00e9, en T\/C coton serg\u00e9 65% coton et 35% polyester avec une excellente tenue de la couleur, surpiqu\u00e9e, d\u00e9coupe bien haute au garrot pour \u00e9viter toute pression. Avec pattes d\u2019attache r\u00e9glables par velcro.<\/p>\n","protected":false},"featured_media":15439,"template":"","meta":[],"product_cat":[876,882],"product_tag":[],"_links":{"self":[{"href":"https:\/\/tattini.dotstage.net\/fr\/wp-json\/wp\/v2\/product\/32820"}],"collection":[{"href":"https:\/\/tattini.dotstage.net\/fr\/wp-json\/wp\/v2\/product"}],"about":[{"href":"https:\/\/tattini.dotstage.net\/fr\/wp-json\/wp\/v2\/types\/product"}],"version-history":[{"count":0,"href":"https:\/\/tattini.dotstage.net\/fr\/wp-json\/wp\/v2\/product\/32820\/revisions"}],"wp:featuredmedia":[{"embeddable":true,"href":"https:\/\/tattini.dotstage.net\/fr\/wp-json\/wp\/v2\/media\/15439"}],"wp:attachment":[{"href":"https:\/\/tattini.dotstage.net\/fr\/wp-json\/wp\/v2\/media?parent=32820"}],"wp:term":[{"taxonomy":"product_cat","embeddable":true,"href":"https:\/\/tattini.dotstage.net\/fr\/wp-json\/wp\/v2\/product_cat?post=32820"},{"taxonomy":"product_tag","embeddable":true,"href":"https:\/\/tattini.dotstage.net\/fr\/wp-json\/wp\/v2\/product_tag?post=32820"}],"curies":[{"name":"wp","href":"https:\/\/api.w.org\/{rel}","templated":true}]}}